{"id":6710,"date":"2026-02-03T10:23:23","date_gmt":"2026-02-03T09:23:23","guid":{"rendered":"https:\/\/www.lbi-oilfree.de\/?page_id=6710"},"modified":"2026-03-03T10:49:19","modified_gmt":"2026-03-03T09:49:19","slug":"tube2026","status":"publish","type":"page","link":"https:\/\/www.lbi-oilfree.de\/en\/tube2026\/","title":{"rendered":"TUBE2026"},"content":{"rendered":"<body>\t\t<div data-elementor-type=\"wp-page\" data-elementor-id=\"6710\" class=\"elementor elementor-6710\" data-elementor-post-type=\"page\">\n\t\t\t\t\t\t<section class=\"elementor-section elementor-top-section elementor-element elementor-element-f312653 elementor-section-boxed elementor-section-height-default elementor-section-height-default\" data-id=\"f312653\" data-element_type=\"section\" data-e-type=\"section\" data-settings='{\"jet_parallax_layout_list\":[],\"background_background\":\"classic\"}'>\n\t\t\t\t\t\t<div class=\"elementor-container elementor-column-gap-default\">\n\t\t\t\t\t<div class=\"elementor-column elementor-col-100 elementor-top-column elementor-element elementor-element-6eb7504\" data-id=\"6eb7504\" data-element_type=\"column\" data-e-type=\"column\">\n\t\t\t<div class=\"elementor-widget-wrap elementor-element-populated\">\n\t\t\t\t\t\t<div class=\"elementor-element elementor-element-55bad88 elementor-widget elementor-widget-spacer\" data-id=\"55bad88\" data-element_type=\"widget\" data-e-type=\"widget\" data-widget_type=\"spacer.default\">\n\t\t\t\t<div class=\"elementor-widget-container\">\n\t\t\t\t\t\t\t<div class=\"elementor-spacer\">\n\t\t\t<div class=\"elementor-spacer-inner\"><\/div>\n\t\t<\/div>\n\t\t\t\t\t\t<\/div>\n\t\t\t\t<\/div>\n\t\t\t\t<div class=\"elementor-element elementor-element-3af4a09 elementor-widget elementor-widget-heading\" data-id=\"3af4a09\" data-element_type=\"widget\" data-e-type=\"widget\" data-widget_type=\"heading.default\">\n\t\t\t\t<div class=\"elementor-widget-container\">\n\t\t\t\t\t<h1 class=\"elementor-heading-title elementor-size-default\">LBI oil free auf der TUBE 2026 in D\u00fcsseldorf<\/h1>\t\t\t\t<\/div>\n\t\t\t\t<\/div>\n\t\t\t\t<div class=\"elementor-element elementor-element-88c67ce elementor-widget elementor-widget-heading\" data-id=\"88c67ce\" data-element_type=\"widget\" data-e-type=\"widget\" data-widget_type=\"heading.default\">\n\t\t\t\t<div class=\"elementor-widget-container\">\n\t\t\t\t\t<h2 class=\"elementor-heading-title elementor-size-default\">13.-17. April 2026 | Halle 5 Stand F15<\/h2>\t\t\t\t<\/div>\n\t\t\t\t<\/div>\n\t\t\t\t<section class=\"elementor-section elementor-inner-section elementor-element elementor-element-e6d1a7c elementor-section-boxed elementor-section-height-default elementor-section-height-default\" data-id=\"e6d1a7c\" data-element_type=\"section\" data-e-type=\"section\" data-settings='{\"jet_parallax_layout_list\":[]}'>\n\t\t\t\t\t\t<div class=\"elementor-container elementor-column-gap-default\">\n\t\t\t\t\t<div class=\"elementor-column elementor-col-50 elementor-inner-column elementor-element elementor-element-a16accc\" data-id=\"a16accc\" data-element_type=\"column\" data-e-type=\"column\">\n\t\t\t<div class=\"elementor-widget-wrap elementor-element-populated\">\n\t\t\t\t\t\t<div class=\"elementor-element elementor-element-de4a8a3 elementor-widget elementor-widget-text-editor\" data-id=\"de4a8a3\" data-element_type=\"widget\" data-e-type=\"widget\" data-widget_type=\"text-editor.default\">\n\t\t\t\t<div class=\"elementor-widget-container\">\n\t\t\t\t\t\t\t\t\t<p><strong>LBI oil free<\/strong> und <a href=\"https:\/\/tube-2026.de\/\">Albromet<\/a> stellen Ihnen auf der <strong>TUBE 2026<\/strong> in <strong>D\u00fcsseldorf<\/strong> die neusten Entwicklungen im Bereich der Rohrfertigung vor. Nutzen Sie die Gelegenheit und Treffen uns pers\u00f6nlich vor Ort um sich im Bereich der \u00f6lfreien LUBbend Schmierstoffe und der passenden Dosiertechnik beraten zu lassen. Entdecken Sie au\u00dferdem die Vorteile einer perfekten Abstimmung der Schmierstoffe zu den Biegewerkzeugen.<\/p>\t\t\t\t\t\t\t\t<\/div>\n\t\t\t\t<\/div>\n\t\t\t\t\t<\/div>\n\t\t<\/div>\n\t\t\t\t<div class=\"elementor-column elementor-col-50 elementor-inner-column elementor-element elementor-element-55e01b3\" data-id=\"55e01b3\" data-element_type=\"column\" data-e-type=\"column\">\n\t\t\t<div class=\"elementor-widget-wrap elementor-element-populated\">\n\t\t\t\t\t\t<div class=\"elementor-element elementor-element-ae763bd elementor-widget elementor-widget-image\" data-id=\"ae763bd\" data-element_type=\"widget\" data-e-type=\"widget\" data-widget_type=\"image.default\">\n\t\t\t\t<div class=\"elementor-widget-container\">\n\t\t\t\t\t\t\t\t\t\t\t\t\t\t\t<img fetchpriority=\"high\" decoding=\"async\" width=\"192\" height=\"269\" src=\"https:\/\/i0.wp.com\/www.lbi-oilfree.de\/wp-content\/uploads\/2026\/02\/Links_tub2002_tm01_cmyk.png?fit=192%2C269&amp;ssl=1\" class=\"attachment-medium size-medium wp-image-6715\" alt=\"\" srcset=\"https:\/\/i0.wp.com\/www.lbi-oilfree.de\/wp-content\/uploads\/2026\/02\/Links_tub2002_tm01_cmyk.png?w=192&amp;ssl=1 192w, https:\/\/i0.wp.com\/www.lbi-oilfree.de\/wp-content\/uploads\/2026\/02\/Links_tub2002_tm01_cmyk.png?resize=9%2C12&amp;ssl=1 9w\" sizes=\"(max-width: 192px) 100vw, 192px\" loading=\"eager\">\t\t\t\t\t\t\t\t\t\t\t\t\t\t\t<\/div>\n\t\t\t\t<\/div>\n\t\t\t\t\t<\/div>\n\t\t<\/div>\n\t\t\t\t\t<\/div>\n\t\t<\/section>\n\t\t\t\t\t<\/div>\n\t\t<\/div>\n\t\t\t\t\t<\/div>\n\t\t<\/section>\n\t\t\t\t<section class=\"elementor-section elementor-top-section elementor-element elementor-element-4864115 elementor-section-boxed elementor-section-height-default elementor-section-height-default\" data-id=\"4864115\" data-element_type=\"section\" data-e-type=\"section\" data-settings='{\"jet_parallax_layout_list\":[{\"jet_parallax_layout_image\":{\"url\":\"\",\"id\":\"\",\"size\":\"\"},\"_id\":\"e7a74a7\",\"jet_parallax_layout_image_tablet\":{\"url\":\"\",\"id\":\"\",\"size\":\"\"},\"jet_parallax_layout_image_mobile\":{\"url\":\"\",\"id\":\"\",\"size\":\"\"},\"jet_parallax_layout_speed\":{\"unit\":\"%\",\"size\":50,\"sizes\":[]},\"jet_parallax_layout_type\":\"scroll\",\"jet_parallax_layout_direction\":\"1\",\"jet_parallax_layout_fx_direction\":null,\"jet_parallax_layout_z_index\":\"\",\"jet_parallax_layout_bg_x\":50,\"jet_parallax_layout_bg_x_tablet\":\"\",\"jet_parallax_layout_bg_x_mobile\":\"\",\"jet_parallax_layout_bg_y\":50,\"jet_parallax_layout_bg_y_tablet\":\"\",\"jet_parallax_layout_bg_y_mobile\":\"\",\"jet_parallax_layout_bg_size\":\"auto\",\"jet_parallax_layout_bg_size_tablet\":\"\",\"jet_parallax_layout_bg_size_mobile\":\"\",\"jet_parallax_layout_animation_prop\":\"transform\",\"jet_parallax_layout_on\":[\"desktop\",\"tablet\"]}],\"background_background\":\"classic\"}'>\n\t\t\t\t\t\t<div class=\"elementor-container elementor-column-gap-default\">\n\t\t\t\t\t<div class=\"elementor-column elementor-col-100 elementor-top-column elementor-element elementor-element-00780df\" data-id=\"00780df\" data-element_type=\"column\" data-e-type=\"column\">\n\t\t\t<div class=\"elementor-widget-wrap elementor-element-populated\">\n\t\t\t\t\t\t<div class=\"elementor-element elementor-element-078a193 elementor-widget elementor-widget-heading\" data-id=\"078a193\" data-element_type=\"widget\" data-e-type=\"widget\" data-widget_type=\"heading.default\">\n\t\t\t\t<div class=\"elementor-widget-container\">\n\t\t\t\t\t<h2 class=\"elementor-heading-title elementor-size-default\">Was Sie erwartet<\/h2>\t\t\t\t<\/div>\n\t\t\t\t<\/div>\n\t\t\t\t<section class=\"elementor-section elementor-inner-section elementor-element elementor-element-2680bc8 elementor-section-boxed elementor-section-height-default elementor-section-height-default\" data-id=\"2680bc8\" data-element_type=\"section\" data-e-type=\"section\" data-settings='{\"jet_parallax_layout_list\":[]}'>\n\t\t\t\t\t\t<div class=\"elementor-container elementor-column-gap-default\">\n\t\t\t\t\t<div class=\"elementor-column elementor-col-50 elementor-inner-column elementor-element elementor-element-b8c8e9b\" data-id=\"b8c8e9b\" data-element_type=\"column\" data-e-type=\"column\">\n\t\t\t<div class=\"elementor-widget-wrap elementor-element-populated\">\n\t\t\t\t\t\t<div class=\"elementor-element elementor-element-d8bcd4d elementor-widget elementor-widget-heading\" data-id=\"d8bcd4d\" data-element_type=\"widget\" data-e-type=\"widget\" data-widget_type=\"heading.default\">\n\t\t\t\t<div class=\"elementor-widget-container\">\n\t\t\t\t\t<h3 class=\"elementor-heading-title elementor-size-default\">Beratung zu folgenden Themen<\/h3>\t\t\t\t<\/div>\n\t\t\t\t<\/div>\n\t\t\t\t<div class=\"elementor-element elementor-element-ab85036 elementor-icon-list--layout-traditional elementor-list-item-link-full_width elementor-widget elementor-widget-icon-list\" data-id=\"ab85036\" data-element_type=\"widget\" data-e-type=\"widget\" data-widget_type=\"icon-list.default\">\n\t\t\t\t<div class=\"elementor-widget-container\">\n\t\t\t\t\t\t\t<ul class=\"elementor-icon-list-items\">\n\t\t\t\t\t\t\t<li class=\"elementor-icon-list-item\">\n\t\t\t\t\t\t\t\t\t\t\t<span class=\"elementor-icon-list-icon\">\n\t\t\t\t\t\t\t<i aria-hidden=\"true\" class=\"fas fa-chevron-right\"><\/i>\t\t\t\t\t\t<\/span>\n\t\t\t\t\t\t\t\t\t\t<span class=\"elementor-icon-list-text\">\u00d6lfreie Schmierstoffe zum Rohrbiegen und Umformen<\/span>\n\t\t\t\t\t\t\t\t\t<\/li>\n\t\t\t\t\t\t\t\t<li class=\"elementor-icon-list-item\">\n\t\t\t\t\t\t\t\t\t\t\t<span class=\"elementor-icon-list-icon\">\n\t\t\t\t\t\t\t<i aria-hidden=\"true\" class=\"fas fa-chevron-right\"><\/i>\t\t\t\t\t\t<\/span>\n\t\t\t\t\t\t\t\t\t\t<span class=\"elementor-icon-list-text\">Passende Dosiertechnik zur Dorninnenschmierung<\/span>\n\t\t\t\t\t\t\t\t\t<\/li>\n\t\t\t\t\t\t\t\t<li class=\"elementor-icon-list-item\">\n\t\t\t\t\t\t\t\t\t\t\t<span class=\"elementor-icon-list-icon\">\n\t\t\t\t\t\t\t<i aria-hidden=\"true\" class=\"fas fa-chevron-right\"><\/i>\t\t\t\t\t\t<\/span>\n\t\t\t\t\t\t\t\t\t\t<span class=\"elementor-icon-list-text\">Vorteile der Abstimmung zwischen Schmierstoff und Werkzeug<\/span>\n\t\t\t\t\t\t\t\t\t<\/li>\n\t\t\t\t\t\t\t\t<li class=\"elementor-icon-list-item\">\n\t\t\t\t\t\t\t\t\t\t\t<span class=\"elementor-icon-list-icon\">\n\t\t\t\t\t\t\t<i aria-hidden=\"true\" class=\"fas fa-chevron-right\"><\/i>\t\t\t\t\t\t<\/span>\n\t\t\t\t\t\t\t\t\t\t<span class=\"elementor-icon-list-text\">Prozessoptimierung<\/span>\n\t\t\t\t\t\t\t\t\t<\/li>\n\t\t\t\t\t\t<\/ul>\n\t\t\t\t\t\t<\/div>\n\t\t\t\t<\/div>\n\t\t\t\t<div class=\"elementor-element elementor-element-c48e102 elementor-widget elementor-widget-heading\" data-id=\"c48e102\" data-element_type=\"widget\" data-e-type=\"widget\" data-widget_type=\"heading.default\">\n\t\t\t\t<div class=\"elementor-widget-container\">\n\t\t\t\t\t<h3 class=\"elementor-heading-title elementor-size-default\">Bei Kaffeespezialit\u00e4ten und frisch gebackenen Waffeln<\/h3>\t\t\t\t<\/div>\n\t\t\t\t<\/div>\n\t\t\t\t\t<\/div>\n\t\t<\/div>\n\t\t\t\t<div class=\"elementor-column elementor-col-50 elementor-inner-column elementor-element elementor-element-f7a0061\" data-id=\"f7a0061\" data-element_type=\"column\" data-e-type=\"column\">\n\t\t\t<div class=\"elementor-widget-wrap elementor-element-populated\">\n\t\t\t\t\t\t<div class=\"elementor-element elementor-element-c49cb32 elementor-widget elementor-widget-video\" data-id=\"c49cb32\" data-element_type=\"widget\" data-e-type=\"widget\" data-settings='{\"video_type\":\"hosted\",\"controls\":\"yes\"}' data-widget_type=\"video.default\">\n\t\t\t\t<div class=\"elementor-widget-container\">\n\t\t\t\t\t\t\t<div class=\"e-hosted-video elementor-wrapper elementor-open-inline\">\n\t\t\t\t\t<video class=\"elementor-video\" src=\"https:\/\/www.lbi-oilfree.de\/wp-content\/uploads\/2026\/02\/LBI-Video-v2-1080p.mp4\" controls=\"\" preload=\"metadata\" controlslist=\"nodownload\"><\/video>\n\t\t\t\t<\/div>\n\t\t\t\t\t\t<\/div>\n\t\t\t\t<\/div>\n\t\t\t\t\t<\/div>\n\t\t<\/div>\n\t\t\t\t\t<\/div>\n\t\t<\/section>\n\t\t\t\t\t<\/div>\n\t\t<\/div>\n\t\t\t\t\t<\/div>\n\t\t<\/section>\n\t\t\t\t<section class=\"elementor-section elementor-top-section elementor-element elementor-element-3bec3bd elementor-section-boxed elementor-section-height-default elementor-section-height-default\" data-id=\"3bec3bd\" data-element_type=\"section\" data-e-type=\"section\" data-settings='{\"jet_parallax_layout_list\":[],\"background_background\":\"classic\"}'>\n\t\t\t\t\t\t<div class=\"elementor-container elementor-column-gap-default\">\n\t\t\t\t\t<div class=\"elementor-column elementor-col-100 elementor-top-column elementor-element elementor-element-125da3c\" data-id=\"125da3c\" data-element_type=\"column\" data-e-type=\"column\">\n\t\t\t<div class=\"elementor-widget-wrap elementor-element-populated\">\n\t\t\t\t\t\t<div class=\"elementor-element elementor-element-0e40048 elementor-widget elementor-widget-spacer\" data-id=\"0e40048\" data-element_type=\"widget\" data-e-type=\"widget\" data-widget_type=\"spacer.default\">\n\t\t\t\t<div class=\"elementor-widget-container\">\n\t\t\t\t\t\t\t<div class=\"elementor-spacer\">\n\t\t\t<div class=\"elementor-spacer-inner\"><\/div>\n\t\t<\/div>\n\t\t\t\t\t\t<\/div>\n\t\t\t\t<\/div>\n\t\t\t\t<section class=\"elementor-section elementor-inner-section elementor-element elementor-element-0e0450c elementor-section-boxed elementor-section-height-default elementor-section-height-default\" data-id=\"0e0450c\" data-element_type=\"section\" data-e-type=\"section\" data-settings='{\"jet_parallax_layout_list\":[]}'>\n\t\t\t\t\t\t<div class=\"elementor-container elementor-column-gap-default\">\n\t\t\t\t\t<div class=\"elementor-column elementor-col-100 elementor-inner-column elementor-element elementor-element-3de0666\" data-id=\"3de0666\" data-element_type=\"column\" data-e-type=\"column\">\n\t\t\t<div class=\"elementor-widget-wrap elementor-element-populated\">\n\t\t\t\t\t\t<div class=\"elementor-element elementor-element-5aa9fd1 elementor-widget elementor-widget-heading\" data-id=\"5aa9fd1\" data-element_type=\"widget\" data-e-type=\"widget\" data-widget_type=\"heading.default\">\n\t\t\t\t<div class=\"elementor-widget-container\">\n\t\t\t\t\t<h2 class=\"elementor-heading-title elementor-size-default\">Sie wollen uns schon vorher kennenlernen?<\/h2>\t\t\t\t<\/div>\n\t\t\t\t<\/div>\n\t\t\t\t<div class=\"elementor-element elementor-element-d219c72 elementor-widget elementor-widget-text-editor\" data-id=\"d219c72\" data-element_type=\"widget\" data-e-type=\"widget\" data-widget_type=\"text-editor.default\">\n\t\t\t\t<div class=\"elementor-widget-container\">\n\t\t\t\t\t\t\t\t\t<p>Als Hersteller f\u00fcr \u00f6lfreie Schmierstoffe und Dosiersysteme bieten wir Ihnen auch f\u00fcr Ihren Prozess die passenden L\u00f6sungen. Unser Fokus liegt dabei auf der gemeinsamen Analyse der tats\u00e4chlich ben\u00f6tigen Komponenten anstelle einer vorgefertigen L\u00f6sung.<\/p>\t\t\t\t\t\t\t\t<\/div>\n\t\t\t\t<\/div>\n\t\t\t\t<div class=\"elementor-element elementor-element-87387b7 elementor-icon-list--layout-traditional elementor-list-item-link-full_width elementor-widget elementor-widget-icon-list\" data-id=\"87387b7\" data-element_type=\"widget\" data-e-type=\"widget\" data-widget_type=\"icon-list.default\">\n\t\t\t\t<div class=\"elementor-widget-container\">\n\t\t\t\t\t\t\t<ul class=\"elementor-icon-list-items\">\n\t\t\t\t\t\t\t<li class=\"elementor-icon-list-item\">\n\t\t\t\t\t\t\t\t\t\t\t<a href=\"\/produkte\/schmierstoffe\/lubbend\/\">\n\n\t\t\t\t\t\t\t\t\t\t\t\t<span class=\"elementor-icon-list-icon\">\n\t\t\t\t\t\t\t<i aria-hidden=\"true\" class=\"fas fa-chevron-right\"><\/i>\t\t\t\t\t\t<\/span>\n\t\t\t\t\t\t\t\t\t\t<span class=\"elementor-icon-list-text\">LUBbend Serie - Schmierstoffe zur Rohrbearbeitung<\/span>\n\t\t\t\t\t\t\t\t\t\t\t<\/a>\n\t\t\t\t\t\t\t\t\t<\/li>\n\t\t\t\t\t\t\t\t<li class=\"elementor-icon-list-item\">\n\t\t\t\t\t\t\t\t\t\t\t<a href=\"\/dosiersysteme\/dorninnenschmierung\/\">\n\n\t\t\t\t\t\t\t\t\t\t\t\t<span class=\"elementor-icon-list-icon\">\n\t\t\t\t\t\t\t<i aria-hidden=\"true\" class=\"fas fa-chevron-right\"><\/i>\t\t\t\t\t\t<\/span>\n\t\t\t\t\t\t\t\t\t\t<span class=\"elementor-icon-list-text\">Dosiertechnik zur Dorninnenschmierung<\/span>\n\t\t\t\t\t\t\t\t\t\t\t<\/a>\n\t\t\t\t\t\t\t\t\t<\/li>\n\t\t\t\t\t\t\t\t<li class=\"elementor-icon-list-item\">\n\t\t\t\t\t\t\t\t\t\t\t<a href=\"\/anwendungen\/\">\n\n\t\t\t\t\t\t\t\t\t\t\t\t<span class=\"elementor-icon-list-icon\">\n\t\t\t\t\t\t\t<i aria-hidden=\"true\" class=\"fas fa-chevron-right\"><\/i>\t\t\t\t\t\t<\/span>\n\t\t\t\t\t\t\t\t\t\t<span class=\"elementor-icon-list-text\">Anwendungen<\/span>\n\t\t\t\t\t\t\t\t\t\t\t<\/a>\n\t\t\t\t\t\t\t\t\t<\/li>\n\t\t\t\t\t\t\t\t<li class=\"elementor-icon-list-item\">\n\t\t\t\t\t\t\t\t\t\t\t<a href=\"\/kontaktformular\/\">\n\n\t\t\t\t\t\t\t\t\t\t\t\t<span class=\"elementor-icon-list-icon\">\n\t\t\t\t\t\t\t<i aria-hidden=\"true\" class=\"fas fa-chevron-right\"><\/i>\t\t\t\t\t\t<\/span>\n\t\t\t\t\t\t\t\t\t\t<span class=\"elementor-icon-list-text\">Direkter Kontakt zu uns<\/span>\n\t\t\t\t\t\t\t\t\t\t\t<\/a>\n\t\t\t\t\t\t\t\t\t<\/li>\n\t\t\t\t\t\t<\/ul>\n\t\t\t\t\t\t<\/div>\n\t\t\t\t<\/div>\n\t\t\t\t\t<\/div>\n\t\t<\/div>\n\t\t\t\t\t<\/div>\n\t\t<\/section>\n\t\t\t\t\t<\/div>\n\t\t<\/div>\n\t\t\t\t\t<\/div>\n\t\t<\/section>\n\t\t\t\t<\/div>\n\t\t<\/body>","protected":false},"excerpt":{"rendered":"<p>LBI oil free auf der TUBE 2026 in D\u00fcsseldorf 13.-17. April 2026 | Halle 5 Stand F15 LBI oil free und Albromet stellen Ihnen auf der TUBE 2026 in D\u00fcsseldorf die neusten Entwicklungen im Bereich der Rohrfertigung vor. Nutzen Sie die Gelegenheit und Treffen uns pers\u00f6nlich vor Ort um sich im Bereich der \u00f6lfreien LUBbend [&hellip;]<\/p>\n","protected":false},"author":2,"featured_media":0,"parent":0,"menu_order":0,"comment_status":"closed","ping_status":"closed","template":"elementor_header_footer","meta":{"footnotes":""},"class_list":["post-6710","page","type-page","status-publish","hentry"],"yoast_head":"<!-- This site is optimized with the Yoast SEO plugin v27.5 - https:\/\/yoast.com\/product\/yoast-seo-wordpress\/ -->\n<title>LBI oil free auf der TUBE 2026 in D\u00fcsseldorf<\/title>\n<meta name=\"description\" content=\"Zusammen mit unserem Partner Albromet stellen wir auf der TUBE in D\u00fcsseldorf vom 13.-17. April 2026 unsere neuesten Entwicklungen vor.\" \/>\n<meta name=\"robots\" content=\"index, follow, max-snippet:-1, max-image-preview:large, max-video-preview:-1\" \/>\n<link rel=\"canonical\" href=\"https:\/\/www.lbi-oilfree.de\/en\/tube2026\/\" \/>\n<script type=\"application\/ld+json\" class=\"yoast-schema-graph\">{\"@context\":\"https:\\\/\\\/schema.org\",\"@graph\":[{\"@type\":\"WebPage\",\"@id\":\"https:\\\/\\\/www.lbi-oilfree.de\\\/tube2026\\\/\",\"url\":\"https:\\\/\\\/www.lbi-oilfree.de\\\/tube2026\\\/\",\"name\":\"LBI oil free auf der TUBE 2026 in D\u00fcsseldorf\",\"isPartOf\":{\"@id\":\"https:\\\/\\\/www.lbi-oilfree.de\\\/#website\"},\"primaryImageOfPage\":{\"@id\":\"https:\\\/\\\/www.lbi-oilfree.de\\\/tube2026\\\/#primaryimage\"},\"image\":{\"@id\":\"https:\\\/\\\/www.lbi-oilfree.de\\\/tube2026\\\/#primaryimage\"},\"thumbnailUrl\":\"https:\\\/\\\/www.lbi-oilfree.de\\\/wp-content\\\/uploads\\\/2026\\\/02\\\/Links_tub2002_tm01_cmyk.png\",\"datePublished\":\"2026-02-03T09:23:23+00:00\",\"dateModified\":\"2026-03-03T09:49:19+00:00\",\"description\":\"Zusammen mit unserem Partner Albromet stellen wir auf der TUBE in D\u00fcsseldorf vom 13.-17. April 2026 unsere neuesten Entwicklungen vor.\",\"breadcrumb\":{\"@id\":\"https:\\\/\\\/www.lbi-oilfree.de\\\/tube2026\\\/#breadcrumb\"},\"inLanguage\":\"en-GB\",\"potentialAction\":[{\"@type\":\"ReadAction\",\"target\":[\"https:\\\/\\\/www.lbi-oilfree.de\\\/tube2026\\\/\"]}]},{\"@type\":\"ImageObject\",\"inLanguage\":\"en-GB\",\"@id\":\"https:\\\/\\\/www.lbi-oilfree.de\\\/tube2026\\\/#primaryimage\",\"url\":\"https:\\\/\\\/www.lbi-oilfree.de\\\/wp-content\\\/uploads\\\/2026\\\/02\\\/Links_tub2002_tm01_cmyk.png\",\"contentUrl\":\"https:\\\/\\\/www.lbi-oilfree.de\\\/wp-content\\\/uploads\\\/2026\\\/02\\\/Links_tub2002_tm01_cmyk.png\"},{\"@type\":\"BreadcrumbList\",\"@id\":\"https:\\\/\\\/www.lbi-oilfree.de\\\/tube2026\\\/#breadcrumb\",\"itemListElement\":[{\"@type\":\"ListItem\",\"position\":1,\"name\":\"Home\",\"item\":\"https:\\\/\\\/www.lbi-oilfree.de\\\/\"},{\"@type\":\"ListItem\",\"position\":2,\"name\":\"TUBE2026\"}]},{\"@type\":\"WebSite\",\"@id\":\"https:\\\/\\\/www.lbi-oilfree.de\\\/#website\",\"url\":\"https:\\\/\\\/www.lbi-oilfree.de\\\/\",\"name\":\"LBI\",\"description\":\"LBI oil free ist Hersteller \u00f6lfreier Schmierstoffe f\u00fcr die Metallumformung und Dosiersystemen\",\"publisher\":{\"@id\":\"https:\\\/\\\/www.lbi-oilfree.de\\\/#organization\"},\"potentialAction\":[{\"@type\":\"SearchAction\",\"target\":{\"@type\":\"EntryPoint\",\"urlTemplate\":\"https:\\\/\\\/www.lbi-oilfree.de\\\/?s={search_term_string}\"},\"query-input\":{\"@type\":\"PropertyValueSpecification\",\"valueRequired\":true,\"valueName\":\"search_term_string\"}}],\"inLanguage\":\"en-GB\"},{\"@type\":\"Organization\",\"@id\":\"https:\\\/\\\/www.lbi-oilfree.de\\\/#organization\",\"name\":\"LBI oil free GmbH\",\"url\":\"https:\\\/\\\/www.lbi-oilfree.de\\\/\",\"logo\":{\"@type\":\"ImageObject\",\"inLanguage\":\"en-GB\",\"@id\":\"https:\\\/\\\/www.lbi-oilfree.de\\\/#\\\/schema\\\/logo\\\/image\\\/\",\"url\":\"https:\\\/\\\/i0.wp.com\\\/www.lbi-oilfree.de\\\/wp-content\\\/uploads\\\/2022\\\/01\\\/logo_LBI_250.png?fit=250%2C250&ssl=1\",\"contentUrl\":\"https:\\\/\\\/i0.wp.com\\\/www.lbi-oilfree.de\\\/wp-content\\\/uploads\\\/2022\\\/01\\\/logo_LBI_250.png?fit=250%2C250&ssl=1\",\"width\":250,\"height\":250,\"caption\":\"LBI oil free GmbH\"},\"image\":{\"@id\":\"https:\\\/\\\/www.lbi-oilfree.de\\\/#\\\/schema\\\/logo\\\/image\\\/\"},\"sameAs\":[\"https:\\\/\\\/de.linkedin.com\\\/company\\\/lbi-oil-free-division-gmbh\"]}]}<\/script>\n<!-- \/ Yoast SEO plugin. -->","yoast_head_json":{"title":"LBI oil free at TUBE 2026 in D\u00fcsseldorf","description":"Zusammen mit unserem Partner Albromet stellen wir auf der TUBE in D\u00fcsseldorf vom 13.-17. April 2026 unsere neuesten Entwicklungen vor.","robots":{"index":"index","follow":"follow","max-snippet":"max-snippet:-1","max-image-preview":"max-image-preview:large","max-video-preview":"max-video-preview:-1"},"canonical":"https:\/\/www.lbi-oilfree.de\/en\/tube2026\/","schema":{"@context":"https:\/\/schema.org","@graph":[{"@type":"WebPage","@id":"https:\/\/www.lbi-oilfree.de\/tube2026\/","url":"https:\/\/www.lbi-oilfree.de\/tube2026\/","name":"LBI oil free at TUBE 2026 in D\u00fcsseldorf","isPartOf":{"@id":"https:\/\/www.lbi-oilfree.de\/#website"},"primaryImageOfPage":{"@id":"https:\/\/www.lbi-oilfree.de\/tube2026\/#primaryimage"},"image":{"@id":"https:\/\/www.lbi-oilfree.de\/tube2026\/#primaryimage"},"thumbnailUrl":"https:\/\/www.lbi-oilfree.de\/wp-content\/uploads\/2026\/02\/Links_tub2002_tm01_cmyk.png","datePublished":"2026-02-03T09:23:23+00:00","dateModified":"2026-03-03T09:49:19+00:00","description":"Zusammen mit unserem Partner Albromet stellen wir auf der TUBE in D\u00fcsseldorf vom 13.-17. April 2026 unsere neuesten Entwicklungen vor.","breadcrumb":{"@id":"https:\/\/www.lbi-oilfree.de\/tube2026\/#breadcrumb"},"inLanguage":"en-GB","potentialAction":[{"@type":"ReadAction","target":["https:\/\/www.lbi-oilfree.de\/tube2026\/"]}]},{"@type":"ImageObject","inLanguage":"en-GB","@id":"https:\/\/www.lbi-oilfree.de\/tube2026\/#primaryimage","url":"https:\/\/www.lbi-oilfree.de\/wp-content\/uploads\/2026\/02\/Links_tub2002_tm01_cmyk.png","contentUrl":"https:\/\/www.lbi-oilfree.de\/wp-content\/uploads\/2026\/02\/Links_tub2002_tm01_cmyk.png"},{"@type":"BreadcrumbList","@id":"https:\/\/www.lbi-oilfree.de\/tube2026\/#breadcrumb","itemListElement":[{"@type":"ListItem","position":1,"name":"Home","item":"https:\/\/www.lbi-oilfree.de\/"},{"@type":"ListItem","position":2,"name":"TUBE2026"}]},{"@type":"WebSite","@id":"https:\/\/www.lbi-oilfree.de\/#website","url":"https:\/\/www.lbi-oilfree.de\/","name":"LBI","description":"LBI oil free ist Hersteller \u00f6lfreier Schmierstoffe f\u00fcr die Metallumformung und Dosiersystemen","publisher":{"@id":"https:\/\/www.lbi-oilfree.de\/#organization"},"potentialAction":[{"@type":"SearchAction","target":{"@type":"EntryPoint","urlTemplate":"https:\/\/www.lbi-oilfree.de\/?s={search_term_string}"},"query-input":{"@type":"PropertyValueSpecification","valueRequired":true,"valueName":"search_term_string"}}],"inLanguage":"en-GB"},{"@type":"Organization","@id":"https:\/\/www.lbi-oilfree.de\/#organization","name":"LBI oil free GmbH","url":"https:\/\/www.lbi-oilfree.de\/","logo":{"@type":"ImageObject","inLanguage":"en-GB","@id":"https:\/\/www.lbi-oilfree.de\/#\/schema\/logo\/image\/","url":"https:\/\/i0.wp.com\/www.lbi-oilfree.de\/wp-content\/uploads\/2022\/01\/logo_LBI_250.png?fit=250%2C250&ssl=1","contentUrl":"https:\/\/i0.wp.com\/www.lbi-oilfree.de\/wp-content\/uploads\/2022\/01\/logo_LBI_250.png?fit=250%2C250&ssl=1","width":250,"height":250,"caption":"LBI oil free GmbH"},"image":{"@id":"https:\/\/www.lbi-oilfree.de\/#\/schema\/logo\/image\/"},"sameAs":["https:\/\/de.linkedin.com\/company\/lbi-oil-free-division-gmbh"]}]}},"_links":{"self":[{"href":"https:\/\/www.lbi-oilfree.de\/en\/wp-json\/wp\/v2\/pages\/6710","targetHints":{"allow":["GET"]}}],"collection":[{"href":"https:\/\/www.lbi-oilfree.de\/en\/wp-json\/wp\/v2\/pages"}],"about":[{"href":"https:\/\/www.lbi-oilfree.de\/en\/wp-json\/wp\/v2\/types\/page"}],"author":[{"embeddable":true,"href":"https:\/\/www.lbi-oilfree.de\/en\/wp-json\/wp\/v2\/users\/2"}],"replies":[{"embeddable":true,"href":"https:\/\/www.lbi-oilfree.de\/en\/wp-json\/wp\/v2\/comments?post=6710"}],"version-history":[{"count":5,"href":"https:\/\/www.lbi-oilfree.de\/en\/wp-json\/wp\/v2\/pages\/6710\/revisions"}],"predecessor-version":[{"id":6845,"href":"https:\/\/www.lbi-oilfree.de\/en\/wp-json\/wp\/v2\/pages\/6710\/revisions\/6845"}],"wp:attachment":[{"href":"https:\/\/www.lbi-oilfree.de\/en\/wp-json\/wp\/v2\/media?parent=6710"}],"curies":[{"name":"wp","href":"https:\/\/api.w.org\/{rel}","templated":true}]}}