{"id":6360,"date":"2025-06-04T12:31:31","date_gmt":"2025-06-04T11:31:31","guid":{"rendered":"https:\/\/www.lbi-oilfree.de\/?page_id=6360"},"modified":"2025-06-04T12:38:40","modified_gmt":"2025-06-04T11:38:40","slug":"cbc-reihe","status":"publish","type":"page","link":"https:\/\/www.lbi-oilfree.de\/en\/produkte\/reinigungsmittel\/cbc-reihe\/","title":{"rendered":"CBC-series"},"content":{"rendered":"<body>\t\t<div data-elementor-type=\"wp-page\" data-elementor-id=\"6360\" class=\"elementor elementor-6360\" data-elementor-post-type=\"page\">\n\t\t\t\t\t\t<section class=\"elementor-section elementor-top-section elementor-element elementor-element-1b67d6a elementor-section-boxed elementor-section-height-default elementor-section-height-default\" data-id=\"1b67d6a\" data-element_type=\"section\" data-e-type=\"section\" data-settings='{\"jet_parallax_layout_list\":[],\"background_background\":\"classic\"}'>\n\t\t\t\t\t\t<div class=\"elementor-container elementor-column-gap-default\">\n\t\t\t\t\t<div class=\"elementor-column elementor-col-100 elementor-top-column elementor-element elementor-element-4964dc2\" data-id=\"4964dc2\" data-element_type=\"column\" data-e-type=\"column\">\n\t\t\t<div class=\"elementor-widget-wrap\">\n\t\t\t\t\t\t\t<\/div>\n\t\t<\/div>\n\t\t\t\t\t<\/div>\n\t\t<\/section>\n\t\t\t\t<section class=\"elementor-section elementor-top-section elementor-element elementor-element-4864115 elementor-section-boxed elementor-section-height-default elementor-section-height-default\" data-id=\"4864115\" data-element_type=\"section\" data-e-type=\"section\" data-settings='{\"jet_parallax_layout_list\":[{\"jet_parallax_layout_image\":{\"url\":\"\",\"id\":\"\",\"size\":\"\"},\"_id\":\"e7a74a7\",\"jet_parallax_layout_image_tablet\":{\"url\":\"\",\"id\":\"\",\"size\":\"\"},\"jet_parallax_layout_image_mobile\":{\"url\":\"\",\"id\":\"\",\"size\":\"\"},\"jet_parallax_layout_speed\":{\"unit\":\"%\",\"size\":50,\"sizes\":[]},\"jet_parallax_layout_type\":\"scroll\",\"jet_parallax_layout_direction\":\"1\",\"jet_parallax_layout_fx_direction\":null,\"jet_parallax_layout_z_index\":\"\",\"jet_parallax_layout_bg_x\":50,\"jet_parallax_layout_bg_x_tablet\":\"\",\"jet_parallax_layout_bg_x_mobile\":\"\",\"jet_parallax_layout_bg_y\":50,\"jet_parallax_layout_bg_y_tablet\":\"\",\"jet_parallax_layout_bg_y_mobile\":\"\",\"jet_parallax_layout_bg_size\":\"auto\",\"jet_parallax_layout_bg_size_tablet\":\"\",\"jet_parallax_layout_bg_size_mobile\":\"\",\"jet_parallax_layout_animation_prop\":\"transform\",\"jet_parallax_layout_on\":[\"desktop\",\"tablet\"]}],\"background_background\":\"classic\"}'>\n\t\t\t\t\t\t<div class=\"elementor-container elementor-column-gap-default\">\n\t\t\t\t\t<div class=\"elementor-column elementor-col-100 elementor-top-column elementor-element elementor-element-00780df\" data-id=\"00780df\" data-element_type=\"column\" data-e-type=\"column\">\n\t\t\t<div class=\"elementor-widget-wrap elementor-element-populated\">\n\t\t\t\t\t\t<div class=\"elementor-element elementor-element-078a193 elementor-widget elementor-widget-heading\" data-id=\"078a193\" data-element_type=\"widget\" data-e-type=\"widget\" data-widget_type=\"heading.default\">\n\t\t\t\t<div class=\"elementor-widget-container\">\n\t\t\t\t\t<h1 class=\"elementor-heading-title elementor-size-default\">CBC-Serie<\/h1>\t\t\t\t<\/div>\n\t\t\t\t<\/div>\n\t\t\t\t<div class=\"elementor-element elementor-element-f589702 elementor-widget elementor-widget-heading\" data-id=\"f589702\" data-element_type=\"widget\" data-e-type=\"widget\" data-widget_type=\"heading.default\">\n\t\t\t\t<div class=\"elementor-widget-container\">\n\t\t\t\t\t<h2 class=\"elementor-heading-title elementor-size-default\">NSF-A1 zertifiziert. Wasserbasiert. R\u00fcckstandsfrei.<\/h2>\t\t\t\t<\/div>\n\t\t\t\t<\/div>\n\t\t\t\t\t<\/div>\n\t\t<\/div>\n\t\t\t\t\t<\/div>\n\t\t<\/section>\n\t\t\t\t<section class=\"elementor-section elementor-top-section elementor-element elementor-element-b61041e elementor-section-boxed elementor-section-height-default elementor-section-height-default\" data-id=\"b61041e\" data-element_type=\"section\" data-e-type=\"section\" data-settings='{\"jet_parallax_layout_list\":[{\"jet_parallax_layout_image\":{\"url\":\"\",\"id\":\"\",\"size\":\"\"},\"_id\":\"140cd5a\",\"jet_parallax_layout_image_tablet\":{\"url\":\"\",\"id\":\"\",\"size\":\"\"},\"jet_parallax_layout_image_mobile\":{\"url\":\"\",\"id\":\"\",\"size\":\"\"},\"jet_parallax_layout_speed\":{\"unit\":\"%\",\"size\":50,\"sizes\":[]},\"jet_parallax_layout_type\":\"scroll\",\"jet_parallax_layout_direction\":\"1\",\"jet_parallax_layout_fx_direction\":null,\"jet_parallax_layout_z_index\":\"\",\"jet_parallax_layout_bg_x\":50,\"jet_parallax_layout_bg_x_tablet\":\"\",\"jet_parallax_layout_bg_x_mobile\":\"\",\"jet_parallax_layout_bg_y\":50,\"jet_parallax_layout_bg_y_tablet\":\"\",\"jet_parallax_layout_bg_y_mobile\":\"\",\"jet_parallax_layout_bg_size\":\"auto\",\"jet_parallax_layout_bg_size_tablet\":\"\",\"jet_parallax_layout_bg_size_mobile\":\"\",\"jet_parallax_layout_animation_prop\":\"transform\",\"jet_parallax_layout_on\":[\"desktop\",\"tablet\"]}],\"background_background\":\"classic\"}'>\n\t\t\t\t\t\t<div class=\"elementor-container elementor-column-gap-default\">\n\t\t\t\t\t<div class=\"elementor-column elementor-col-100 elementor-top-column elementor-element elementor-element-794b121\" data-id=\"794b121\" data-element_type=\"column\" data-e-type=\"column\">\n\t\t\t<div class=\"elementor-widget-wrap elementor-element-populated\">\n\t\t\t\t\t\t<div class=\"elementor-element elementor-element-3551031 elementor-widget elementor-widget-text-editor\" data-id=\"3551031\" data-element_type=\"widget\" data-e-type=\"widget\" data-widget_type=\"text-editor.default\">\n\t\t\t\t<div class=\"elementor-widget-container\">\n\t\t\t\t\t\t\t\t\t<p data-start=\"279\" data-end=\"562\">Die CBC-Produktreihe wurde speziell f\u00fcr den Einsatz in sensiblen Bereichen der Lebensmittelproduktion entwickelt. Alle Reiniger der Reihe verf\u00fcgen \u00fcber die international anerkannte <strong data-start=\"460\" data-end=\"480\">NSF-A1-Zulassung<\/strong> \u2013 und erf\u00fcllen damit h\u00f6chste Anforderungen an Hygiene und Lebensmittelsicherheit.<\/p><h4 data-start=\"564\" data-end=\"640\"><strong data-start=\"569\" data-end=\"640\">Zugelassen f\u00fcr den direkten Einsatz in der Lebensmittelverarbeitung<\/strong><\/h4><p data-start=\"642\" data-end=\"920\">Mit der <strong data-start=\"650\" data-end=\"669\">NSF-A1-Freigabe<\/strong> sind CBC-Reiniger offiziell f\u00fcr die Anwendung auf Oberfl\u00e4chen zugelassen, die mit Lebensmitteln in Ber\u00fchrung kommen k\u00f6nnen. So stellen Sie sicher, dass Ihre Produktionsprozesse nicht nur sauber, sondern auch rechtlich und hygienisch einwandfrei sind.<\/p><h4 data-start=\"922\" data-end=\"985\"><strong data-start=\"927\" data-end=\"985\">Wasserbasierte Formulierung \u2013 sicher und umweltbewusst<\/strong><\/h4><p data-start=\"987\" data-end=\"1248\">Im Gegensatz zu herk\u00f6mmlichen, l\u00f6semittelhaltigen Reinigern basiert CBC auf einer modernen, <strong data-start=\"1079\" data-end=\"1107\">wasserbasierten Rezeptur<\/strong>. Das macht die Produkte besonders <strong data-start=\"1142\" data-end=\"1162\">materialschonend<\/strong>, <strong data-start=\"1164\" data-end=\"1178\">geruchsarm<\/strong> und <strong data-start=\"1183\" data-end=\"1203\">umweltfreundlich<\/strong> \u2013 bei gleichzeitig hoher Reinigungsleistung.<\/p><h4 data-start=\"1250\" data-end=\"1292\"><strong data-start=\"1255\" data-end=\"1292\">Sicher durch niedrigen Flammpunkt<\/strong><\/h4><p data-start=\"1294\" data-end=\"1580\">Dank ihrer wasserbasierten Zusammensetzung weisen CBC-Reiniger einen <strong data-start=\"1363\" data-end=\"1404\">sehr niedrigen oder keinen Flammpunkt<\/strong> auf. Das minimiert das Risiko von <strong data-start=\"1439\" data-end=\"1471\">Brand- oder Explosionsgefahr<\/strong> und sorgt f\u00fcr maximale Sicherheit \u2013 besonders in hitzeempfindlichen oder geschlossenen Produktionsbereichen.<\/p><h4 data-start=\"1582\" data-end=\"1616\"><strong data-start=\"1587\" data-end=\"1616\">Vorteile auf einen Blick:<\/strong><\/h4><ul data-start=\"1618\" data-end=\"1915\"><li data-start=\"1618\" data-end=\"1676\"><p data-start=\"1620\" data-end=\"1676\">NSF-A1-zertifiziert f\u00fcr h\u00f6chste Lebensmittelsicherheit<\/p><\/li><li data-start=\"1677\" data-end=\"1750\"><p data-start=\"1679\" data-end=\"1750\">Wasserbasiert statt l\u00f6semittelhaltig \u2013 sicherer f\u00fcr Mensch und Umwelt<\/p><\/li><li data-start=\"1751\" data-end=\"1799\"><p data-start=\"1753\" data-end=\"1799\">Keine Brandgefahr durch niedrigen Flammpunkt<\/p><\/li><li data-start=\"1800\" data-end=\"1871\"><p data-start=\"1802\" data-end=\"1871\">R\u00fcckstandsfreie Reinigung von Ger\u00e4ten, Maschinen und Arbeitsfl\u00e4chen<\/p><\/li><li data-start=\"1872\" data-end=\"1915\"><p data-start=\"1874\" data-end=\"1915\">Einfache Anwendung und schnelle Trocknung<\/p><\/li><\/ul><h4 data-start=\"1922\" data-end=\"1984\"><strong data-start=\"1922\" data-end=\"1984\">CBC \u2013 die saubere Wahl f\u00fcr sichere Lebensmittelproduktion.<\/strong><\/h4>\t\t\t\t\t\t\t\t<\/div>\n\t\t\t\t<\/div>\n\t\t\t\t<div class=\"elementor-element elementor-element-6aba4fb elementor-widget elementor-widget-spacer\" data-id=\"6aba4fb\" data-element_type=\"widget\" data-e-type=\"widget\" data-widget_type=\"spacer.default\">\n\t\t\t\t<div class=\"elementor-widget-container\">\n\t\t\t\t\t\t\t<div class=\"elementor-spacer\">\n\t\t\t<div class=\"elementor-spacer-inner\"><\/div>\n\t\t<\/div>\n\t\t\t\t\t\t<\/div>\n\t\t\t\t<\/div>\n\t\t\t\t\t<\/div>\n\t\t<\/div>\n\t\t\t\t\t<\/div>\n\t\t<\/section>\n\t\t\t\t<section class=\"elementor-section elementor-top-section elementor-element elementor-element-424c907 elementor-section-boxed elementor-section-height-default elementor-section-height-default\" data-id=\"424c907\" data-element_type=\"section\" data-e-type=\"section\" data-settings='{\"jet_parallax_layout_list\":[{\"jet_parallax_layout_image\":{\"url\":\"\",\"id\":\"\",\"size\":\"\"},\"_id\":\"5f1ddde\",\"jet_parallax_layout_image_tablet\":{\"url\":\"\",\"id\":\"\",\"size\":\"\"},\"jet_parallax_layout_image_mobile\":{\"url\":\"\",\"id\":\"\",\"size\":\"\"},\"jet_parallax_layout_speed\":{\"unit\":\"%\",\"size\":50,\"sizes\":[]},\"jet_parallax_layout_type\":\"scroll\",\"jet_parallax_layout_direction\":\"1\",\"jet_parallax_layout_fx_direction\":null,\"jet_parallax_layout_z_index\":\"\",\"jet_parallax_layout_bg_x\":50,\"jet_parallax_layout_bg_x_tablet\":\"\",\"jet_parallax_layout_bg_x_mobile\":\"\",\"jet_parallax_layout_bg_y\":50,\"jet_parallax_layout_bg_y_tablet\":\"\",\"jet_parallax_layout_bg_y_mobile\":\"\",\"jet_parallax_layout_bg_size\":\"auto\",\"jet_parallax_layout_bg_size_tablet\":\"\",\"jet_parallax_layout_bg_size_mobile\":\"\",\"jet_parallax_layout_animation_prop\":\"transform\",\"jet_parallax_layout_on\":[\"desktop\",\"tablet\"]}]}'>\n\t\t\t\t\t\t<div class=\"elementor-container elementor-column-gap-default\">\n\t\t\t\t\t<div class=\"elementor-column elementor-col-100 elementor-top-column elementor-element elementor-element-f82b30f\" data-id=\"f82b30f\" data-element_type=\"column\" data-e-type=\"column\">\n\t\t\t<div class=\"elementor-widget-wrap elementor-element-populated\">\n\t\t\t\t\t\t<div class=\"elementor-element elementor-element-4c1edae elementor-widget elementor-widget-shortcode\" data-id=\"4c1edae\" data-element_type=\"widget\" data-e-type=\"widget\" data-widget_type=\"shortcode.default\">\n\t\t\t\t<div class=\"elementor-widget-container\">\n\t\t\t\t\t\t\t<div class=\"elementor-shortcode\">\t\t<div data-elementor-type=\"section\" data-elementor-id=\"3063\" class=\"elementor elementor-3063\" data-elementor-post-type=\"elementor_library\">\n\t\t\t\t\t<section class=\"elementor-section elementor-top-section elementor-element elementor-element-4217843f elementor-section-boxed elementor-section-height-default elementor-section-height-default\" data-id=\"4217843f\" data-element_type=\"section\" data-e-type=\"section\" data-settings='{\"jet_parallax_layout_list\":[{\"jet_parallax_layout_image\":{\"url\":\"\",\"id\":\"\",\"size\":\"\"},\"_id\":\"5f1ddde\",\"jet_parallax_layout_image_tablet\":{\"url\":\"\",\"id\":\"\",\"size\":\"\"},\"jet_parallax_layout_image_mobile\":{\"url\":\"\",\"id\":\"\",\"size\":\"\"},\"jet_parallax_layout_speed\":{\"unit\":\"%\",\"size\":50,\"sizes\":[]},\"jet_parallax_layout_type\":\"scroll\",\"jet_parallax_layout_direction\":\"1\",\"jet_parallax_layout_fx_direction\":null,\"jet_parallax_layout_z_index\":\"\",\"jet_parallax_layout_bg_x\":50,\"jet_parallax_layout_bg_x_tablet\":\"\",\"jet_parallax_layout_bg_x_mobile\":\"\",\"jet_parallax_layout_bg_y\":50,\"jet_parallax_layout_bg_y_tablet\":\"\",\"jet_parallax_layout_bg_y_mobile\":\"\",\"jet_parallax_layout_bg_size\":\"auto\",\"jet_parallax_layout_bg_size_tablet\":\"\",\"jet_parallax_layout_bg_size_mobile\":\"\",\"jet_parallax_layout_animation_prop\":\"transform\",\"jet_parallax_layout_on\":[\"desktop\",\"tablet\"]}]}'>\n\t\t\t\t\t\t<div class=\"elementor-container elementor-column-gap-default\">\n\t\t\t\t\t<div class=\"elementor-column elementor-col-100 elementor-top-column elementor-element elementor-element-7205735a\" data-id=\"7205735a\" data-element_type=\"column\" data-e-type=\"column\">\n\t\t\t<div class=\"elementor-widget-wrap elementor-element-populated\">\n\t\t\t\t\t\t<div class=\"elementor-element elementor-element-791d863b elementor-widget elementor-widget-image\" data-id=\"791d863b\" data-element_type=\"widget\" data-e-type=\"widget\" data-widget_type=\"image.default\">\n\t\t\t\t<div class=\"elementor-widget-container\">\n\t\t\t\t\t\t\t\t\t\t\t\t\t\t\t\t<a href=\"https:\/\/www.lbi-oilfree.de\/kontaktformular\/\">\n\t\t\t\t\t\t\t<img decoding=\"async\" width=\"72\" height=\"78\" src=\"https:\/\/i0.wp.com\/www.lbi-oilfree.de\/wp-content\/uploads\/2021\/11\/Screenshot_13.png?fit=72%2C78&amp;ssl=1\" class=\"attachment-large size-large wp-image-901\" alt=\"\" loading=\"eager\">\t\t\t\t\t\t\t\t<\/a>\n\t\t\t\t\t\t\t\t\t\t\t\t\t\t\t<\/div>\n\t\t\t\t<\/div>\n\t\t\t\t<div class=\"elementor-element elementor-element-795a8b1b elementor-widget elementor-widget-heading\" data-id=\"795a8b1b\" data-element_type=\"widget\" data-e-type=\"widget\" data-widget_type=\"heading.default\">\n\t\t\t\t<div class=\"elementor-widget-container\">\n\t\t\t\t\t<div class=\"elementor-heading-title elementor-size-default\">Sie haben Fragen oder interessieren sich f\u00fcr die Schmierstoffe oder Dosiertechnik von LBI oil free?<br> Dann freuen wir uns auf Ihren Anruf oder auf Ihre Post!<\/div>\t\t\t\t<\/div>\n\t\t\t\t<\/div>\n\t\t\t\t\t<\/div>\n\t\t<\/div>\n\t\t\t\t\t<\/div>\n\t\t<\/section>\n\t\t\t\t<\/div>\n\t\t<\/div>\n\t\t\t\t\t\t<\/div>\n\t\t\t\t<\/div>\n\t\t\t\t\t<\/div>\n\t\t<\/div>\n\t\t\t\t\t<\/div>\n\t\t<\/section>\n\t\t\t\t<\/div>\n\t\t<\/body>","protected":false},"excerpt":{"rendered":"<p>CBC-Serie NSF-A1 zertifiziert. Wasserbasiert. R\u00fcckstandsfrei. Die CBC-Produktreihe wurde speziell f\u00fcr den Einsatz in sensiblen Bereichen der Lebensmittelproduktion entwickelt. Alle Reiniger der Reihe verf\u00fcgen \u00fcber die international anerkannte NSF-A1-Zulassung \u2013 und erf\u00fcllen damit h\u00f6chste Anforderungen an Hygiene und Lebensmittelsicherheit. Zugelassen f\u00fcr den direkten Einsatz in der Lebensmittelverarbeitung Mit der NSF-A1-Freigabe sind CBC-Reiniger offiziell f\u00fcr die Anwendung [&hellip;]<\/p>\n","protected":false},"author":2,"featured_media":0,"parent":6307,"menu_order":0,"comment_status":"closed","ping_status":"closed","template":"elementor_header_footer","meta":{"footnotes":""},"class_list":["post-6360","page","type-page","status-publish","hentry"],"yoast_head":"<!-- This site is optimized with the Yoast SEO plugin v27.4 - https:\/\/yoast.com\/product\/yoast-seo-wordpress\/ -->\n<title>LUBbend von LBI oil free<\/title>\n<meta name=\"description\" content=\"LUBbend von LBI oil free ist die umweltfreundliche Produktreihe f\u00fcr optimale und effiziente Biegeprozesse.\" \/>\n<meta name=\"robots\" content=\"index, follow, max-snippet:-1, max-image-preview:large, max-video-preview:-1\" \/>\n<link rel=\"canonical\" href=\"https:\/\/www.lbi-oilfree.de\/en\/produkte\/reinigungsmittel\/cbc-reihe\/\" \/>\n<script type=\"application\/ld+json\" class=\"yoast-schema-graph\">{\"@context\":\"https:\\\/\\\/schema.org\",\"@graph\":[{\"@type\":\"WebPage\",\"@id\":\"https:\\\/\\\/www.lbi-oilfree.de\\\/produkte\\\/reinigungsmittel\\\/cbc-reihe\\\/\",\"url\":\"https:\\\/\\\/www.lbi-oilfree.de\\\/produkte\\\/reinigungsmittel\\\/cbc-reihe\\\/\",\"name\":\"LUBbend von LBI oil free\",\"isPartOf\":{\"@id\":\"https:\\\/\\\/www.lbi-oilfree.de\\\/#website\"},\"datePublished\":\"2025-06-04T11:31:31+00:00\",\"dateModified\":\"2025-06-04T11:38:40+00:00\",\"description\":\"LUBbend von LBI oil free ist die umweltfreundliche Produktreihe f\u00fcr optimale und effiziente Biegeprozesse.\",\"breadcrumb\":{\"@id\":\"https:\\\/\\\/www.lbi-oilfree.de\\\/produkte\\\/reinigungsmittel\\\/cbc-reihe\\\/#breadcrumb\"},\"inLanguage\":\"en-GB\",\"potentialAction\":[{\"@type\":\"ReadAction\",\"target\":[\"https:\\\/\\\/www.lbi-oilfree.de\\\/produkte\\\/reinigungsmittel\\\/cbc-reihe\\\/\"]}]},{\"@type\":\"BreadcrumbList\",\"@id\":\"https:\\\/\\\/www.lbi-oilfree.de\\\/produkte\\\/reinigungsmittel\\\/cbc-reihe\\\/#breadcrumb\",\"itemListElement\":[{\"@type\":\"ListItem\",\"position\":1,\"name\":\"Home\",\"item\":\"https:\\\/\\\/www.lbi-oilfree.de\\\/\"},{\"@type\":\"ListItem\",\"position\":2,\"name\":\"PRODUKTE\",\"item\":\"https:\\\/\\\/www.lbi-oilfree.de\\\/produkte\\\/\"},{\"@type\":\"ListItem\",\"position\":3,\"name\":\"Reinigungsmittel\",\"item\":\"https:\\\/\\\/www.lbi-oilfree.de\\\/produkte\\\/reinigungsmittel\\\/\"},{\"@type\":\"ListItem\",\"position\":4,\"name\":\"CBC-Reihe\"}]},{\"@type\":\"WebSite\",\"@id\":\"https:\\\/\\\/www.lbi-oilfree.de\\\/#website\",\"url\":\"https:\\\/\\\/www.lbi-oilfree.de\\\/\",\"name\":\"LBI\",\"description\":\"LBI oil free ist Hersteller \u00f6lfreier Schmierstoffe f\u00fcr die Metallumformung und Dosiersystemen\",\"publisher\":{\"@id\":\"https:\\\/\\\/www.lbi-oilfree.de\\\/#organization\"},\"potentialAction\":[{\"@type\":\"SearchAction\",\"target\":{\"@type\":\"EntryPoint\",\"urlTemplate\":\"https:\\\/\\\/www.lbi-oilfree.de\\\/?s={search_term_string}\"},\"query-input\":{\"@type\":\"PropertyValueSpecification\",\"valueRequired\":true,\"valueName\":\"search_term_string\"}}],\"inLanguage\":\"en-GB\"},{\"@type\":\"Organization\",\"@id\":\"https:\\\/\\\/www.lbi-oilfree.de\\\/#organization\",\"name\":\"LBI oil free GmbH\",\"url\":\"https:\\\/\\\/www.lbi-oilfree.de\\\/\",\"logo\":{\"@type\":\"ImageObject\",\"inLanguage\":\"en-GB\",\"@id\":\"https:\\\/\\\/www.lbi-oilfree.de\\\/#\\\/schema\\\/logo\\\/image\\\/\",\"url\":\"https:\\\/\\\/i0.wp.com\\\/www.lbi-oilfree.de\\\/wp-content\\\/uploads\\\/2022\\\/01\\\/logo_LBI_250.png?fit=250%2C250&ssl=1\",\"contentUrl\":\"https:\\\/\\\/i0.wp.com\\\/www.lbi-oilfree.de\\\/wp-content\\\/uploads\\\/2022\\\/01\\\/logo_LBI_250.png?fit=250%2C250&ssl=1\",\"width\":250,\"height\":250,\"caption\":\"LBI oil free GmbH\"},\"image\":{\"@id\":\"https:\\\/\\\/www.lbi-oilfree.de\\\/#\\\/schema\\\/logo\\\/image\\\/\"},\"sameAs\":[\"https:\\\/\\\/de.linkedin.com\\\/company\\\/lbi-oil-free-division-gmbh\"]}]}<\/script>\n<!-- \/ Yoast SEO plugin. -->","yoast_head_json":{"title":"LUBbend von LBI oil free","description":"LUBbend von LBI oil free ist die umweltfreundliche Produktreihe f\u00fcr optimale und effiziente Biegeprozesse.","robots":{"index":"index","follow":"follow","max-snippet":"max-snippet:-1","max-image-preview":"max-image-preview:large","max-video-preview":"max-video-preview:-1"},"canonical":"https:\/\/www.lbi-oilfree.de\/en\/produkte\/reinigungsmittel\/cbc-reihe\/","schema":{"@context":"https:\/\/schema.org","@graph":[{"@type":"WebPage","@id":"https:\/\/www.lbi-oilfree.de\/produkte\/reinigungsmittel\/cbc-reihe\/","url":"https:\/\/www.lbi-oilfree.de\/produkte\/reinigungsmittel\/cbc-reihe\/","name":"LUBbend von LBI oil free","isPartOf":{"@id":"https:\/\/www.lbi-oilfree.de\/#website"},"datePublished":"2025-06-04T11:31:31+00:00","dateModified":"2025-06-04T11:38:40+00:00","description":"LUBbend von LBI oil free ist die umweltfreundliche Produktreihe f\u00fcr optimale und effiziente Biegeprozesse.","breadcrumb":{"@id":"https:\/\/www.lbi-oilfree.de\/produkte\/reinigungsmittel\/cbc-reihe\/#breadcrumb"},"inLanguage":"en-GB","potentialAction":[{"@type":"ReadAction","target":["https:\/\/www.lbi-oilfree.de\/produkte\/reinigungsmittel\/cbc-reihe\/"]}]},{"@type":"BreadcrumbList","@id":"https:\/\/www.lbi-oilfree.de\/produkte\/reinigungsmittel\/cbc-reihe\/#breadcrumb","itemListElement":[{"@type":"ListItem","position":1,"name":"Home","item":"https:\/\/www.lbi-oilfree.de\/"},{"@type":"ListItem","position":2,"name":"PRODUKTE","item":"https:\/\/www.lbi-oilfree.de\/produkte\/"},{"@type":"ListItem","position":3,"name":"Reinigungsmittel","item":"https:\/\/www.lbi-oilfree.de\/produkte\/reinigungsmittel\/"},{"@type":"ListItem","position":4,"name":"CBC-Reihe"}]},{"@type":"WebSite","@id":"https:\/\/www.lbi-oilfree.de\/#website","url":"https:\/\/www.lbi-oilfree.de\/","name":"LBI","description":"LBI oil free ist Hersteller \u00f6lfreier Schmierstoffe f\u00fcr die Metallumformung und Dosiersystemen","publisher":{"@id":"https:\/\/www.lbi-oilfree.de\/#organization"},"potentialAction":[{"@type":"SearchAction","target":{"@type":"EntryPoint","urlTemplate":"https:\/\/www.lbi-oilfree.de\/?s={search_term_string}"},"query-input":{"@type":"PropertyValueSpecification","valueRequired":true,"valueName":"search_term_string"}}],"inLanguage":"en-GB"},{"@type":"Organization","@id":"https:\/\/www.lbi-oilfree.de\/#organization","name":"LBI oil free GmbH","url":"https:\/\/www.lbi-oilfree.de\/","logo":{"@type":"ImageObject","inLanguage":"en-GB","@id":"https:\/\/www.lbi-oilfree.de\/#\/schema\/logo\/image\/","url":"https:\/\/i0.wp.com\/www.lbi-oilfree.de\/wp-content\/uploads\/2022\/01\/logo_LBI_250.png?fit=250%2C250&ssl=1","contentUrl":"https:\/\/i0.wp.com\/www.lbi-oilfree.de\/wp-content\/uploads\/2022\/01\/logo_LBI_250.png?fit=250%2C250&ssl=1","width":250,"height":250,"caption":"LBI oil free GmbH"},"image":{"@id":"https:\/\/www.lbi-oilfree.de\/#\/schema\/logo\/image\/"},"sameAs":["https:\/\/de.linkedin.com\/company\/lbi-oil-free-division-gmbh"]}]}},"_links":{"self":[{"href":"https:\/\/www.lbi-oilfree.de\/en\/wp-json\/wp\/v2\/pages\/6360","targetHints":{"allow":["GET"]}}],"collection":[{"href":"https:\/\/www.lbi-oilfree.de\/en\/wp-json\/wp\/v2\/pages"}],"about":[{"href":"https:\/\/www.lbi-oilfree.de\/en\/wp-json\/wp\/v2\/types\/page"}],"author":[{"embeddable":true,"href":"https:\/\/www.lbi-oilfree.de\/en\/wp-json\/wp\/v2\/users\/2"}],"replies":[{"embeddable":true,"href":"https:\/\/www.lbi-oilfree.de\/en\/wp-json\/wp\/v2\/comments?post=6360"}],"version-history":[{"count":5,"href":"https:\/\/www.lbi-oilfree.de\/en\/wp-json\/wp\/v2\/pages\/6360\/revisions"}],"predecessor-version":[{"id":6372,"href":"https:\/\/www.lbi-oilfree.de\/en\/wp-json\/wp\/v2\/pages\/6360\/revisions\/6372"}],"up":[{"embeddable":true,"href":"https:\/\/www.lbi-oilfree.de\/en\/wp-json\/wp\/v2\/pages\/6307"}],"wp:attachment":[{"href":"https:\/\/www.lbi-oilfree.de\/en\/wp-json\/wp\/v2\/media?parent=6360"}],"curies":[{"name":"wp","href":"https:\/\/api.w.org\/{rel}","templated":true}]}}