{"id":6309,"date":"2025-06-04T12:13:18","date_gmt":"2025-06-04T11:13:18","guid":{"rendered":"https:\/\/www.lbi-oilfree.de\/?page_id=6309"},"modified":"2025-06-04T12:19:35","modified_gmt":"2025-06-04T11:19:35","slug":"lubclean","status":"publish","type":"page","link":"https:\/\/www.lbi-oilfree.de\/en\/produkte\/reinigungsmittel\/lubclean\/","title":{"rendered":"LUBclean"},"content":{"rendered":"<body>\t\t<div data-elementor-type=\"wp-page\" data-elementor-id=\"6309\" class=\"elementor elementor-6309\" data-elementor-post-type=\"page\">\n\t\t\t\t\t\t<section class=\"elementor-section elementor-top-section elementor-element elementor-element-1b67d6a elementor-section-boxed elementor-section-height-default elementor-section-height-default\" data-id=\"1b67d6a\" data-element_type=\"section\" data-e-type=\"section\" data-settings='{\"jet_parallax_layout_list\":[],\"background_background\":\"classic\"}'>\n\t\t\t\t\t\t<div class=\"elementor-container elementor-column-gap-default\">\n\t\t\t\t\t<div class=\"elementor-column elementor-col-100 elementor-top-column elementor-element elementor-element-4964dc2\" data-id=\"4964dc2\" data-element_type=\"column\" data-e-type=\"column\">\n\t\t\t<div class=\"elementor-widget-wrap\">\n\t\t\t\t\t\t\t<\/div>\n\t\t<\/div>\n\t\t\t\t\t<\/div>\n\t\t<\/section>\n\t\t\t\t<section class=\"elementor-section elementor-top-section elementor-element elementor-element-4864115 elementor-section-boxed elementor-section-height-default elementor-section-height-default\" data-id=\"4864115\" data-element_type=\"section\" data-e-type=\"section\" data-settings='{\"jet_parallax_layout_list\":[{\"jet_parallax_layout_image\":{\"url\":\"\",\"id\":\"\",\"size\":\"\"},\"_id\":\"e7a74a7\",\"jet_parallax_layout_image_tablet\":{\"url\":\"\",\"id\":\"\",\"size\":\"\"},\"jet_parallax_layout_image_mobile\":{\"url\":\"\",\"id\":\"\",\"size\":\"\"},\"jet_parallax_layout_speed\":{\"unit\":\"%\",\"size\":50,\"sizes\":[]},\"jet_parallax_layout_type\":\"scroll\",\"jet_parallax_layout_direction\":\"1\",\"jet_parallax_layout_fx_direction\":null,\"jet_parallax_layout_z_index\":\"\",\"jet_parallax_layout_bg_x\":50,\"jet_parallax_layout_bg_x_tablet\":\"\",\"jet_parallax_layout_bg_x_mobile\":\"\",\"jet_parallax_layout_bg_y\":50,\"jet_parallax_layout_bg_y_tablet\":\"\",\"jet_parallax_layout_bg_y_mobile\":\"\",\"jet_parallax_layout_bg_size\":\"auto\",\"jet_parallax_layout_bg_size_tablet\":\"\",\"jet_parallax_layout_bg_size_mobile\":\"\",\"jet_parallax_layout_animation_prop\":\"transform\",\"jet_parallax_layout_on\":[\"desktop\",\"tablet\"]}],\"background_background\":\"classic\"}'>\n\t\t\t\t\t\t<div class=\"elementor-container elementor-column-gap-default\">\n\t\t\t\t\t<div class=\"elementor-column elementor-col-100 elementor-top-column elementor-element elementor-element-00780df\" data-id=\"00780df\" data-element_type=\"column\" data-e-type=\"column\">\n\t\t\t<div class=\"elementor-widget-wrap elementor-element-populated\">\n\t\t\t\t\t\t<div class=\"elementor-element elementor-element-078a193 elementor-widget elementor-widget-heading\" data-id=\"078a193\" data-element_type=\"widget\" data-e-type=\"widget\" data-widget_type=\"heading.default\">\n\t\t\t\t<div class=\"elementor-widget-container\">\n\t\t\t\t\t<h1 class=\"elementor-heading-title elementor-size-default\">LUBclean \u2013 Reinigungsmittel<\/h1>\t\t\t\t<\/div>\n\t\t\t\t<\/div>\n\t\t\t\t<div class=\"elementor-element elementor-element-f589702 elementor-widget elementor-widget-heading\" data-id=\"f589702\" data-element_type=\"widget\" data-e-type=\"widget\" data-widget_type=\"heading.default\">\n\t\t\t\t<div class=\"elementor-widget-container\">\n\t\t\t\t\t<h2 class=\"elementor-heading-title elementor-size-default\">Perfekt abgestimmt auf LUB-Schmierstoffe<\/h2>\t\t\t\t<\/div>\n\t\t\t\t<\/div>\n\t\t\t\t<div class=\"elementor-element elementor-element-df8498d elementor-widget elementor-widget-heading\" data-id=\"df8498d\" data-element_type=\"widget\" data-e-type=\"widget\" data-widget_type=\"heading.default\">\n\t\t\t\t<div class=\"elementor-widget-container\">\n\t\t\t\t\t<h2 class=\"elementor-heading-title elementor-size-default\">Effektiv. Umweltbewusst. Sicher.<\/h2>\t\t\t\t<\/div>\n\t\t\t\t<\/div>\n\t\t\t\t<div class=\"elementor-element elementor-element-164c82c elementor-widget elementor-widget-text-editor\" data-id=\"164c82c\" data-element_type=\"widget\" data-e-type=\"widget\" data-widget_type=\"text-editor.default\">\n\t\t\t\t<div class=\"elementor-widget-container\">\n\t\t\t\t\t\t\t\t\t<p>Die Produktreihe LUBclean umfass verschiedene umweltfreundliche Industriereiniger, die optimal auf unsere <a href=\"https:\/\/www.lbi-oilfree.de\/produkte\/schmierstoffe\/\"><span style=\"color: #00ff00;\">LUB-Schmierstoffe<\/span><\/a> abgestimmt sind.\u00a0<br>Unsere nativen Reiniger auf w\u00e4ssriger und wasserfreier Basis sind speziell f\u00fcr die Anforderungen der metallverarbeitenden Industrie entwickelt. Sie entfernen zuverl\u00e4ssig \u00d6le, Fette, Emulsionen und andere hartn\u00e4ckige Verschmutzungen \u2013 ohne aggressive Chemikalien. Die leistungsstarken Formulierungen sind biologisch abbaubar, l\u00f6sungsmittelfrei und schonen Mensch, Material und Umwelt. Ideal f\u00fcr die nachhaltige Teilereinigung, Maschinenpflege und Oberfl\u00e4chenvorbereitung<\/p>\t\t\t\t\t\t\t\t<\/div>\n\t\t\t\t<\/div>\n\t\t\t\t\t<\/div>\n\t\t<\/div>\n\t\t\t\t\t<\/div>\n\t\t<\/section>\n\t\t\t\t<section class=\"elementor-section elementor-top-section elementor-element elementor-element-b61041e elementor-section-boxed elementor-section-height-default elementor-section-height-default\" data-id=\"b61041e\" data-element_type=\"section\" data-e-type=\"section\" data-settings='{\"jet_parallax_layout_list\":[{\"jet_parallax_layout_image\":{\"url\":\"\",\"id\":\"\",\"size\":\"\"},\"_id\":\"140cd5a\",\"jet_parallax_layout_image_tablet\":{\"url\":\"\",\"id\":\"\",\"size\":\"\"},\"jet_parallax_layout_image_mobile\":{\"url\":\"\",\"id\":\"\",\"size\":\"\"},\"jet_parallax_layout_speed\":{\"unit\":\"%\",\"size\":50,\"sizes\":[]},\"jet_parallax_layout_type\":\"scroll\",\"jet_parallax_layout_direction\":\"1\",\"jet_parallax_layout_fx_direction\":null,\"jet_parallax_layout_z_index\":\"\",\"jet_parallax_layout_bg_x\":50,\"jet_parallax_layout_bg_x_tablet\":\"\",\"jet_parallax_layout_bg_x_mobile\":\"\",\"jet_parallax_layout_bg_y\":50,\"jet_parallax_layout_bg_y_tablet\":\"\",\"jet_parallax_layout_bg_y_mobile\":\"\",\"jet_parallax_layout_bg_size\":\"auto\",\"jet_parallax_layout_bg_size_tablet\":\"\",\"jet_parallax_layout_bg_size_mobile\":\"\",\"jet_parallax_layout_animation_prop\":\"transform\",\"jet_parallax_layout_on\":[\"desktop\",\"tablet\"]}],\"background_background\":\"classic\"}'>\n\t\t\t\t\t\t<div class=\"elementor-container elementor-column-gap-default\">\n\t\t\t\t\t<div class=\"elementor-column elementor-col-100 elementor-top-column elementor-element elementor-element-794b121\" data-id=\"794b121\" data-element_type=\"column\" data-e-type=\"column\">\n\t\t\t<div class=\"elementor-widget-wrap elementor-element-populated\">\n\t\t\t\t\t\t<div class=\"elementor-element elementor-element-9cbd862 e-transform elementor-widget elementor-widget-image\" data-id=\"9cbd862\" data-element_type=\"widget\" data-e-type=\"widget\" data-settings='{\"_transform_translateX_effect\":{\"unit\":\"px\",\"size\":\"\",\"sizes\":[]},\"_transform_translateX_effect_tablet\":{\"unit\":\"px\",\"size\":\"\",\"sizes\":[]},\"_transform_translateX_effect_mobile\":{\"unit\":\"px\",\"size\":\"\",\"sizes\":[]},\"_transform_translateY_effect\":{\"unit\":\"px\",\"size\":\"\",\"sizes\":[]},\"_transform_translateY_effect_tablet\":{\"unit\":\"px\",\"size\":\"\",\"sizes\":[]},\"_transform_translateY_effect_mobile\":{\"unit\":\"px\",\"size\":\"\",\"sizes\":[]}}' data-widget_type=\"image.default\">\n\t\t\t\t<div class=\"elementor-widget-container\">\n\t\t\t\t\t\t\t\t\t\t\t\t\t\t\t<img fetchpriority=\"high\" decoding=\"async\" width=\"300\" height=\"241\" src=\"https:\/\/i0.wp.com\/www.lbi-oilfree.de\/wp-content\/uploads\/2025\/06\/Logo-LUBclean-mit-Text.png?fit=300%2C241&amp;ssl=1\" class=\"attachment-medium size-medium wp-image-6329\" alt=\"Logo LUBclean\" srcset=\"https:\/\/i0.wp.com\/www.lbi-oilfree.de\/wp-content\/uploads\/2025\/06\/Logo-LUBclean-mit-Text.png?w=492&amp;ssl=1 492w, https:\/\/i0.wp.com\/www.lbi-oilfree.de\/wp-content\/uploads\/2025\/06\/Logo-LUBclean-mit-Text.png?resize=300%2C241&amp;ssl=1 300w, https:\/\/i0.wp.com\/www.lbi-oilfree.de\/wp-content\/uploads\/2025\/06\/Logo-LUBclean-mit-Text.png?resize=15%2C12&amp;ssl=1 15w\" sizes=\"(max-width: 300px) 100vw, 300px\" loading=\"eager\">\t\t\t\t\t\t\t\t\t\t\t\t\t\t\t<\/div>\n\t\t\t\t<\/div>\n\t\t\t\t<div class=\"elementor-element elementor-element-3551031 elementor-widget elementor-widget-text-editor\" data-id=\"3551031\" data-element_type=\"widget\" data-e-type=\"widget\" data-widget_type=\"text-editor.default\">\n\t\t\t\t<div class=\"elementor-widget-container\">\n\t\t\t\t\t\t\t\t\t<p data-start=\"248\" data-end=\"538\">LUBclean ist die ideale Erg\u00e4nzung zu unseren hochwertigen LUB-Schmierstoffen. Unsere Reinigungsmittel sind speziell entwickelt, um optimale Reinigungsergebnisse bei gleichzeitig maximaler Materialschonung zu erzielen \u2013 ganz ohne Kompromisse bei Umweltvertr\u00e4glichkeit oder Arbeitssicherheit.<\/p><h4 data-start=\"540\" data-end=\"590\"><strong data-start=\"545\" data-end=\"590\">Perfekte Abstimmung auf LUB-Schmierstoffe<\/strong><\/h4><p data-start=\"592\" data-end=\"897\">Dank ihrer speziell entwickelten Formulierung sind LUBclean-Reiniger exakt auf die chemischen Eigenschaften unserer LUB-Schmierstoffe abgestimmt. Das garantiert eine besonders effiziente Entfernung von R\u00fcckst\u00e4nden, Ablagerungen und Verschmutzungen \u2013 selbst unter anspruchsvollen industriellen Bedingungen.<\/p><h4 data-start=\"899\" data-end=\"939\"><strong data-start=\"904\" data-end=\"939\">Umweltfreundlich und nachhaltig<\/strong><\/h4><p data-start=\"941\" data-end=\"1252\">Unsere Reinigungsmittel sind frei von halogenierten Kohlenwasserstoffen und biologisch gut abbaubar. LUBclean steht f\u00fcr umweltschonende Sauberkeit \u2013 bei gleichzeitig hoher Wirksamkeit. Damit erf\u00fcllen wir nicht nur heutige Umweltstandards, sondern setzen neue Ma\u00dfst\u00e4be f\u00fcr nachhaltige Reinigung in der Industrie.<\/p><h4 data-start=\"1254\" data-end=\"1289\"><strong data-start=\"1259\" data-end=\"1289\">Sicherheit am Arbeitsplatz<\/strong><\/h4><p data-start=\"1291\" data-end=\"1574\">Arbeitsschutz steht bei uns an erster Stelle: LUBclean-Reinigungsmittel sind hautvertr\u00e4glich, emissionsarm und angenehm in der Anwendung. Sie tragen zu einer gesunden Arbeitsumgebung bei und minimieren das Risiko gesundheitlicher Belastungen \u2013 f\u00fcr Ihre Mitarbeitenden und die Umwelt.<\/p><h4 data-start=\"1576\" data-end=\"1612\"><strong data-start=\"1581\" data-end=\"1612\">Maximale Reinigungsleistung<\/strong><\/h4><p data-start=\"1614\" data-end=\"1856\">Ob Maschinen, Werkzeuge oder Produktionsanlagen \u2013 mit LUBclean erzielen Sie sichtbare und nachhaltige Sauberkeit. Unsere Produkte l\u00f6sen selbst hartn\u00e4ckige Verunreinigungen schnell und r\u00fcckstandsfrei, ohne empfindliche Materialien anzugreifen.<\/p><h4 data-start=\"1614\" data-end=\"1856\"><strong>LUBclean \u2013 weil perfekte Reinigung mehr ist als nur Sauberkeit.<\/strong><\/h4>\t\t\t\t\t\t\t\t<\/div>\n\t\t\t\t<\/div>\n\t\t\t\t<div class=\"elementor-element elementor-element-6aba4fb elementor-widget elementor-widget-spacer\" data-id=\"6aba4fb\" data-element_type=\"widget\" data-e-type=\"widget\" data-widget_type=\"spacer.default\">\n\t\t\t\t<div class=\"elementor-widget-container\">\n\t\t\t\t\t\t\t<div class=\"elementor-spacer\">\n\t\t\t<div class=\"elementor-spacer-inner\"><\/div>\n\t\t<\/div>\n\t\t\t\t\t\t<\/div>\n\t\t\t\t<\/div>\n\t\t\t\t\t<\/div>\n\t\t<\/div>\n\t\t\t\t\t<\/div>\n\t\t<\/section>\n\t\t\t\t<section class=\"elementor-section elementor-top-section elementor-element elementor-element-424c907 elementor-section-boxed elementor-section-height-default elementor-section-height-default\" data-id=\"424c907\" data-element_type=\"section\" data-e-type=\"section\" data-settings='{\"jet_parallax_layout_list\":[{\"jet_parallax_layout_image\":{\"url\":\"\",\"id\":\"\",\"size\":\"\"},\"_id\":\"5f1ddde\",\"jet_parallax_layout_image_tablet\":{\"url\":\"\",\"id\":\"\",\"size\":\"\"},\"jet_parallax_layout_image_mobile\":{\"url\":\"\",\"id\":\"\",\"size\":\"\"},\"jet_parallax_layout_speed\":{\"unit\":\"%\",\"size\":50,\"sizes\":[]},\"jet_parallax_layout_type\":\"scroll\",\"jet_parallax_layout_direction\":\"1\",\"jet_parallax_layout_fx_direction\":null,\"jet_parallax_layout_z_index\":\"\",\"jet_parallax_layout_bg_x\":50,\"jet_parallax_layout_bg_x_tablet\":\"\",\"jet_parallax_layout_bg_x_mobile\":\"\",\"jet_parallax_layout_bg_y\":50,\"jet_parallax_layout_bg_y_tablet\":\"\",\"jet_parallax_layout_bg_y_mobile\":\"\",\"jet_parallax_layout_bg_size\":\"auto\",\"jet_parallax_layout_bg_size_tablet\":\"\",\"jet_parallax_layout_bg_size_mobile\":\"\",\"jet_parallax_layout_animation_prop\":\"transform\",\"jet_parallax_layout_on\":[\"desktop\",\"tablet\"]}]}'>\n\t\t\t\t\t\t<div class=\"elementor-container elementor-column-gap-default\">\n\t\t\t\t\t<div class=\"elementor-column elementor-col-100 elementor-top-column elementor-element elementor-element-f82b30f\" data-id=\"f82b30f\" data-element_type=\"column\" data-e-type=\"column\">\n\t\t\t<div class=\"elementor-widget-wrap elementor-element-populated\">\n\t\t\t\t\t\t<div class=\"elementor-element elementor-element-4c1edae elementor-widget elementor-widget-shortcode\" data-id=\"4c1edae\" data-element_type=\"widget\" data-e-type=\"widget\" data-widget_type=\"shortcode.default\">\n\t\t\t\t<div class=\"elementor-widget-container\">\n\t\t\t\t\t\t\t<div class=\"elementor-shortcode\">\t\t<div data-elementor-type=\"section\" data-elementor-id=\"3063\" class=\"elementor elementor-3063\" data-elementor-post-type=\"elementor_library\">\n\t\t\t\t\t<section class=\"elementor-section elementor-top-section elementor-element elementor-element-4217843f elementor-section-boxed elementor-section-height-default elementor-section-height-default\" data-id=\"4217843f\" data-element_type=\"section\" data-e-type=\"section\" data-settings='{\"jet_parallax_layout_list\":[{\"jet_parallax_layout_image\":{\"url\":\"\",\"id\":\"\",\"size\":\"\"},\"_id\":\"5f1ddde\",\"jet_parallax_layout_image_tablet\":{\"url\":\"\",\"id\":\"\",\"size\":\"\"},\"jet_parallax_layout_image_mobile\":{\"url\":\"\",\"id\":\"\",\"size\":\"\"},\"jet_parallax_layout_speed\":{\"unit\":\"%\",\"size\":50,\"sizes\":[]},\"jet_parallax_layout_type\":\"scroll\",\"jet_parallax_layout_direction\":\"1\",\"jet_parallax_layout_fx_direction\":null,\"jet_parallax_layout_z_index\":\"\",\"jet_parallax_layout_bg_x\":50,\"jet_parallax_layout_bg_x_tablet\":\"\",\"jet_parallax_layout_bg_x_mobile\":\"\",\"jet_parallax_layout_bg_y\":50,\"jet_parallax_layout_bg_y_tablet\":\"\",\"jet_parallax_layout_bg_y_mobile\":\"\",\"jet_parallax_layout_bg_size\":\"auto\",\"jet_parallax_layout_bg_size_tablet\":\"\",\"jet_parallax_layout_bg_size_mobile\":\"\",\"jet_parallax_layout_animation_prop\":\"transform\",\"jet_parallax_layout_on\":[\"desktop\",\"tablet\"]}]}'>\n\t\t\t\t\t\t<div class=\"elementor-container elementor-column-gap-default\">\n\t\t\t\t\t<div class=\"elementor-column elementor-col-100 elementor-top-column elementor-element elementor-element-7205735a\" data-id=\"7205735a\" data-element_type=\"column\" data-e-type=\"column\">\n\t\t\t<div class=\"elementor-widget-wrap elementor-element-populated\">\n\t\t\t\t\t\t<div class=\"elementor-element elementor-element-791d863b elementor-widget elementor-widget-image\" data-id=\"791d863b\" data-element_type=\"widget\" data-e-type=\"widget\" data-widget_type=\"image.default\">\n\t\t\t\t<div class=\"elementor-widget-container\">\n\t\t\t\t\t\t\t\t\t\t\t\t\t\t\t\t<a href=\"https:\/\/www.lbi-oilfree.de\/kontaktformular\/\">\n\t\t\t\t\t\t\t<img decoding=\"async\" width=\"72\" height=\"78\" src=\"https:\/\/i0.wp.com\/www.lbi-oilfree.de\/wp-content\/uploads\/2021\/11\/Screenshot_13.png?fit=72%2C78&amp;ssl=1\" class=\"attachment-large size-large wp-image-901\" alt=\"\" loading=\"eager\">\t\t\t\t\t\t\t\t<\/a>\n\t\t\t\t\t\t\t\t\t\t\t\t\t\t\t<\/div>\n\t\t\t\t<\/div>\n\t\t\t\t<div class=\"elementor-element elementor-element-795a8b1b elementor-widget elementor-widget-heading\" data-id=\"795a8b1b\" data-element_type=\"widget\" data-e-type=\"widget\" data-widget_type=\"heading.default\">\n\t\t\t\t<div class=\"elementor-widget-container\">\n\t\t\t\t\t<div class=\"elementor-heading-title elementor-size-default\">Sie haben Fragen oder interessieren sich f\u00fcr die Schmierstoffe oder Dosiertechnik von LBI oil free?<br> Dann freuen wir uns auf Ihren Anruf oder auf Ihre Post!<\/div>\t\t\t\t<\/div>\n\t\t\t\t<\/div>\n\t\t\t\t\t<\/div>\n\t\t<\/div>\n\t\t\t\t\t<\/div>\n\t\t<\/section>\n\t\t\t\t<\/div>\n\t\t<\/div>\n\t\t\t\t\t\t<\/div>\n\t\t\t\t<\/div>\n\t\t\t\t\t<\/div>\n\t\t<\/div>\n\t\t\t\t\t<\/div>\n\t\t<\/section>\n\t\t\t\t<\/div>\n\t\t<\/body>","protected":false},"excerpt":{"rendered":"<p>LUBclean \u2013 Reinigungsmittel Perfekt abgestimmt auf LUB-Schmierstoffe Effektiv. Umweltbewusst. Sicher. Die Produktreihe LUBclean umfass verschiedene umweltfreundliche Industriereiniger, die optimal auf unsere LUB-Schmierstoffe abgestimmt sind.\u00a0Unsere nativen Reiniger auf w\u00e4ssriger und wasserfreier Basis sind speziell f\u00fcr die Anforderungen der metallverarbeitenden Industrie entwickelt. Sie entfernen zuverl\u00e4ssig \u00d6le, Fette, Emulsionen und andere hartn\u00e4ckige Verschmutzungen \u2013 ohne aggressive Chemikalien. Die [&hellip;]<\/p>\n","protected":false},"author":2,"featured_media":0,"parent":6307,"menu_order":0,"comment_status":"closed","ping_status":"closed","template":"elementor_header_footer","meta":{"footnotes":""},"class_list":["post-6309","page","type-page","status-publish","hentry"],"yoast_head":"<!-- This site is optimized with the Yoast SEO plugin v27.6 - https:\/\/yoast.com\/product\/yoast-seo-wordpress\/ -->\n<title>LUBbend von LBI oil free<\/title>\n<meta name=\"description\" content=\"LUBbend von LBI oil free ist die umweltfreundliche Produktreihe f\u00fcr optimale und effiziente Biegeprozesse.\" \/>\n<meta name=\"robots\" content=\"index, follow, max-snippet:-1, max-image-preview:large, max-video-preview:-1\" \/>\n<link rel=\"canonical\" href=\"https:\/\/www.lbi-oilfree.de\/en\/produkte\/reinigungsmittel\/lubclean\/\" \/>\n<script type=\"application\/ld+json\" class=\"yoast-schema-graph\">{\"@context\":\"https:\\\/\\\/schema.org\",\"@graph\":[{\"@type\":\"WebPage\",\"@id\":\"https:\\\/\\\/www.lbi-oilfree.de\\\/produkte\\\/reinigungsmittel\\\/lubclean\\\/\",\"url\":\"https:\\\/\\\/www.lbi-oilfree.de\\\/produkte\\\/reinigungsmittel\\\/lubclean\\\/\",\"name\":\"LUBbend von LBI oil free\",\"isPartOf\":{\"@id\":\"https:\\\/\\\/www.lbi-oilfree.de\\\/#website\"},\"primaryImageOfPage\":{\"@id\":\"https:\\\/\\\/www.lbi-oilfree.de\\\/produkte\\\/reinigungsmittel\\\/lubclean\\\/#primaryimage\"},\"image\":{\"@id\":\"https:\\\/\\\/www.lbi-oilfree.de\\\/produkte\\\/reinigungsmittel\\\/lubclean\\\/#primaryimage\"},\"thumbnailUrl\":\"https:\\\/\\\/www.lbi-oilfree.de\\\/wp-content\\\/uploads\\\/2025\\\/06\\\/Logo-LUBclean-mit-Text-300x241.png\",\"datePublished\":\"2025-06-04T11:13:18+00:00\",\"dateModified\":\"2025-06-04T11:19:35+00:00\",\"description\":\"LUBbend von LBI oil free ist die umweltfreundliche Produktreihe f\u00fcr optimale und effiziente Biegeprozesse.\",\"breadcrumb\":{\"@id\":\"https:\\\/\\\/www.lbi-oilfree.de\\\/produkte\\\/reinigungsmittel\\\/lubclean\\\/#breadcrumb\"},\"inLanguage\":\"en-GB\",\"potentialAction\":[{\"@type\":\"ReadAction\",\"target\":[\"https:\\\/\\\/www.lbi-oilfree.de\\\/produkte\\\/reinigungsmittel\\\/lubclean\\\/\"]}]},{\"@type\":\"ImageObject\",\"inLanguage\":\"en-GB\",\"@id\":\"https:\\\/\\\/www.lbi-oilfree.de\\\/produkte\\\/reinigungsmittel\\\/lubclean\\\/#primaryimage\",\"url\":\"https:\\\/\\\/www.lbi-oilfree.de\\\/wp-content\\\/uploads\\\/2025\\\/06\\\/Logo-LUBclean-mit-Text-300x241.png\",\"contentUrl\":\"https:\\\/\\\/www.lbi-oilfree.de\\\/wp-content\\\/uploads\\\/2025\\\/06\\\/Logo-LUBclean-mit-Text-300x241.png\"},{\"@type\":\"BreadcrumbList\",\"@id\":\"https:\\\/\\\/www.lbi-oilfree.de\\\/produkte\\\/reinigungsmittel\\\/lubclean\\\/#breadcrumb\",\"itemListElement\":[{\"@type\":\"ListItem\",\"position\":1,\"name\":\"Home\",\"item\":\"https:\\\/\\\/www.lbi-oilfree.de\\\/\"},{\"@type\":\"ListItem\",\"position\":2,\"name\":\"PRODUKTE\",\"item\":\"https:\\\/\\\/www.lbi-oilfree.de\\\/produkte\\\/\"},{\"@type\":\"ListItem\",\"position\":3,\"name\":\"Reinigungsmittel\",\"item\":\"https:\\\/\\\/www.lbi-oilfree.de\\\/produkte\\\/reinigungsmittel\\\/\"},{\"@type\":\"ListItem\",\"position\":4,\"name\":\"LUBclean\"}]},{\"@type\":\"WebSite\",\"@id\":\"https:\\\/\\\/www.lbi-oilfree.de\\\/#website\",\"url\":\"https:\\\/\\\/www.lbi-oilfree.de\\\/\",\"name\":\"LBI\",\"description\":\"LBI oil free ist Hersteller \u00f6lfreier Schmierstoffe f\u00fcr die Metallumformung und Dosiersystemen\",\"publisher\":{\"@id\":\"https:\\\/\\\/www.lbi-oilfree.de\\\/#organization\"},\"potentialAction\":[{\"@type\":\"SearchAction\",\"target\":{\"@type\":\"EntryPoint\",\"urlTemplate\":\"https:\\\/\\\/www.lbi-oilfree.de\\\/?s={search_term_string}\"},\"query-input\":{\"@type\":\"PropertyValueSpecification\",\"valueRequired\":true,\"valueName\":\"search_term_string\"}}],\"inLanguage\":\"en-GB\"},{\"@type\":\"Organization\",\"@id\":\"https:\\\/\\\/www.lbi-oilfree.de\\\/#organization\",\"name\":\"LBI oil free GmbH\",\"url\":\"https:\\\/\\\/www.lbi-oilfree.de\\\/\",\"logo\":{\"@type\":\"ImageObject\",\"inLanguage\":\"en-GB\",\"@id\":\"https:\\\/\\\/www.lbi-oilfree.de\\\/#\\\/schema\\\/logo\\\/image\\\/\",\"url\":\"https:\\\/\\\/i0.wp.com\\\/www.lbi-oilfree.de\\\/wp-content\\\/uploads\\\/2022\\\/01\\\/logo_LBI_250.png?fit=250%2C250&ssl=1\",\"contentUrl\":\"https:\\\/\\\/i0.wp.com\\\/www.lbi-oilfree.de\\\/wp-content\\\/uploads\\\/2022\\\/01\\\/logo_LBI_250.png?fit=250%2C250&ssl=1\",\"width\":250,\"height\":250,\"caption\":\"LBI oil free GmbH\"},\"image\":{\"@id\":\"https:\\\/\\\/www.lbi-oilfree.de\\\/#\\\/schema\\\/logo\\\/image\\\/\"},\"sameAs\":[\"https:\\\/\\\/de.linkedin.com\\\/company\\\/lbi-oil-free-division-gmbh\"]}]}<\/script>\n<!-- \/ Yoast SEO plugin. -->","yoast_head_json":{"title":"LUBbend von LBI oil free","description":"LUBbend von LBI oil free ist die umweltfreundliche Produktreihe f\u00fcr optimale und effiziente Biegeprozesse.","robots":{"index":"index","follow":"follow","max-snippet":"max-snippet:-1","max-image-preview":"max-image-preview:large","max-video-preview":"max-video-preview:-1"},"canonical":"https:\/\/www.lbi-oilfree.de\/en\/produkte\/reinigungsmittel\/lubclean\/","schema":{"@context":"https:\/\/schema.org","@graph":[{"@type":"WebPage","@id":"https:\/\/www.lbi-oilfree.de\/produkte\/reinigungsmittel\/lubclean\/","url":"https:\/\/www.lbi-oilfree.de\/produkte\/reinigungsmittel\/lubclean\/","name":"LUBbend von LBI oil free","isPartOf":{"@id":"https:\/\/www.lbi-oilfree.de\/#website"},"primaryImageOfPage":{"@id":"https:\/\/www.lbi-oilfree.de\/produkte\/reinigungsmittel\/lubclean\/#primaryimage"},"image":{"@id":"https:\/\/www.lbi-oilfree.de\/produkte\/reinigungsmittel\/lubclean\/#primaryimage"},"thumbnailUrl":"https:\/\/www.lbi-oilfree.de\/wp-content\/uploads\/2025\/06\/Logo-LUBclean-mit-Text-300x241.png","datePublished":"2025-06-04T11:13:18+00:00","dateModified":"2025-06-04T11:19:35+00:00","description":"LUBbend von LBI oil free ist die umweltfreundliche Produktreihe f\u00fcr optimale und effiziente Biegeprozesse.","breadcrumb":{"@id":"https:\/\/www.lbi-oilfree.de\/produkte\/reinigungsmittel\/lubclean\/#breadcrumb"},"inLanguage":"en-GB","potentialAction":[{"@type":"ReadAction","target":["https:\/\/www.lbi-oilfree.de\/produkte\/reinigungsmittel\/lubclean\/"]}]},{"@type":"ImageObject","inLanguage":"en-GB","@id":"https:\/\/www.lbi-oilfree.de\/produkte\/reinigungsmittel\/lubclean\/#primaryimage","url":"https:\/\/www.lbi-oilfree.de\/wp-content\/uploads\/2025\/06\/Logo-LUBclean-mit-Text-300x241.png","contentUrl":"https:\/\/www.lbi-oilfree.de\/wp-content\/uploads\/2025\/06\/Logo-LUBclean-mit-Text-300x241.png"},{"@type":"BreadcrumbList","@id":"https:\/\/www.lbi-oilfree.de\/produkte\/reinigungsmittel\/lubclean\/#breadcrumb","itemListElement":[{"@type":"ListItem","position":1,"name":"Home","item":"https:\/\/www.lbi-oilfree.de\/"},{"@type":"ListItem","position":2,"name":"PRODUKTE","item":"https:\/\/www.lbi-oilfree.de\/produkte\/"},{"@type":"ListItem","position":3,"name":"Reinigungsmittel","item":"https:\/\/www.lbi-oilfree.de\/produkte\/reinigungsmittel\/"},{"@type":"ListItem","position":4,"name":"LUBclean"}]},{"@type":"WebSite","@id":"https:\/\/www.lbi-oilfree.de\/#website","url":"https:\/\/www.lbi-oilfree.de\/","name":"LBI","description":"LBI oil free ist Hersteller \u00f6lfreier Schmierstoffe f\u00fcr die Metallumformung und Dosiersystemen","publisher":{"@id":"https:\/\/www.lbi-oilfree.de\/#organization"},"potentialAction":[{"@type":"SearchAction","target":{"@type":"EntryPoint","urlTemplate":"https:\/\/www.lbi-oilfree.de\/?s={search_term_string}"},"query-input":{"@type":"PropertyValueSpecification","valueRequired":true,"valueName":"search_term_string"}}],"inLanguage":"en-GB"},{"@type":"Organization","@id":"https:\/\/www.lbi-oilfree.de\/#organization","name":"LBI oil free GmbH","url":"https:\/\/www.lbi-oilfree.de\/","logo":{"@type":"ImageObject","inLanguage":"en-GB","@id":"https:\/\/www.lbi-oilfree.de\/#\/schema\/logo\/image\/","url":"https:\/\/i0.wp.com\/www.lbi-oilfree.de\/wp-content\/uploads\/2022\/01\/logo_LBI_250.png?fit=250%2C250&ssl=1","contentUrl":"https:\/\/i0.wp.com\/www.lbi-oilfree.de\/wp-content\/uploads\/2022\/01\/logo_LBI_250.png?fit=250%2C250&ssl=1","width":250,"height":250,"caption":"LBI oil free GmbH"},"image":{"@id":"https:\/\/www.lbi-oilfree.de\/#\/schema\/logo\/image\/"},"sameAs":["https:\/\/de.linkedin.com\/company\/lbi-oil-free-division-gmbh"]}]}},"_links":{"self":[{"href":"https:\/\/www.lbi-oilfree.de\/en\/wp-json\/wp\/v2\/pages\/6309","targetHints":{"allow":["GET"]}}],"collection":[{"href":"https:\/\/www.lbi-oilfree.de\/en\/wp-json\/wp\/v2\/pages"}],"about":[{"href":"https:\/\/www.lbi-oilfree.de\/en\/wp-json\/wp\/v2\/types\/page"}],"author":[{"embeddable":true,"href":"https:\/\/www.lbi-oilfree.de\/en\/wp-json\/wp\/v2\/users\/2"}],"replies":[{"embeddable":true,"href":"https:\/\/www.lbi-oilfree.de\/en\/wp-json\/wp\/v2\/comments?post=6309"}],"version-history":[{"count":5,"href":"https:\/\/www.lbi-oilfree.de\/en\/wp-json\/wp\/v2\/pages\/6309\/revisions"}],"predecessor-version":[{"id":6353,"href":"https:\/\/www.lbi-oilfree.de\/en\/wp-json\/wp\/v2\/pages\/6309\/revisions\/6353"}],"up":[{"embeddable":true,"href":"https:\/\/www.lbi-oilfree.de\/en\/wp-json\/wp\/v2\/pages\/6307"}],"wp:attachment":[{"href":"https:\/\/www.lbi-oilfree.de\/en\/wp-json\/wp\/v2\/media?parent=6309"}],"curies":[{"name":"wp","href":"https:\/\/api.w.org\/{rel}","templated":true}]}}