{"id":6307,"date":"2025-06-04T12:01:00","date_gmt":"2025-06-04T11:01:00","guid":{"rendered":"https:\/\/www.lbi-oilfree.de\/?page_id=6307"},"modified":"2025-06-04T12:35:27","modified_gmt":"2025-06-04T11:35:27","slug":"reinigungsmittel","status":"publish","type":"page","link":"https:\/\/www.lbi-oilfree.de\/en\/produkte\/reinigungsmittel\/","title":{"rendered":"Reinigungsmittel"},"content":{"rendered":"<body>\t\t<div data-elementor-type=\"wp-page\" data-elementor-id=\"6307\" class=\"elementor elementor-6307\" data-elementor-post-type=\"page\">\n\t\t\t\t\t\t<section class=\"elementor-section elementor-top-section elementor-element elementor-element-1b67d6a elementor-section-boxed elementor-section-height-default elementor-section-height-default\" data-id=\"1b67d6a\" data-element_type=\"section\" data-e-type=\"section\" data-settings='{\"jet_parallax_layout_list\":[],\"background_background\":\"classic\"}'>\n\t\t\t\t\t\t<div class=\"elementor-container elementor-column-gap-default\">\n\t\t\t\t\t<div class=\"elementor-column elementor-col-100 elementor-top-column elementor-element elementor-element-4964dc2\" data-id=\"4964dc2\" data-element_type=\"column\" data-e-type=\"column\">\n\t\t\t<div class=\"elementor-widget-wrap\">\n\t\t\t\t\t\t\t<\/div>\n\t\t<\/div>\n\t\t\t\t\t<\/div>\n\t\t<\/section>\n\t\t\t\t<section class=\"elementor-section elementor-top-section elementor-element elementor-element-4864115 elementor-section-boxed elementor-section-height-default elementor-section-height-default\" data-id=\"4864115\" data-element_type=\"section\" data-e-type=\"section\" data-settings='{\"jet_parallax_layout_list\":[{\"jet_parallax_layout_image\":{\"url\":\"\",\"id\":\"\",\"size\":\"\"},\"_id\":\"e7a74a7\",\"jet_parallax_layout_image_tablet\":{\"url\":\"\",\"id\":\"\",\"size\":\"\"},\"jet_parallax_layout_image_mobile\":{\"url\":\"\",\"id\":\"\",\"size\":\"\"},\"jet_parallax_layout_speed\":{\"unit\":\"%\",\"size\":50,\"sizes\":[]},\"jet_parallax_layout_type\":\"scroll\",\"jet_parallax_layout_direction\":\"1\",\"jet_parallax_layout_fx_direction\":null,\"jet_parallax_layout_z_index\":\"\",\"jet_parallax_layout_bg_x\":50,\"jet_parallax_layout_bg_x_tablet\":\"\",\"jet_parallax_layout_bg_x_mobile\":\"\",\"jet_parallax_layout_bg_y\":50,\"jet_parallax_layout_bg_y_tablet\":\"\",\"jet_parallax_layout_bg_y_mobile\":\"\",\"jet_parallax_layout_bg_size\":\"auto\",\"jet_parallax_layout_bg_size_tablet\":\"\",\"jet_parallax_layout_bg_size_mobile\":\"\",\"jet_parallax_layout_animation_prop\":\"transform\",\"jet_parallax_layout_on\":[\"desktop\",\"tablet\"]}],\"background_background\":\"classic\"}'>\n\t\t\t\t\t\t<div class=\"elementor-container elementor-column-gap-default\">\n\t\t\t\t\t<div class=\"elementor-column elementor-col-100 elementor-top-column elementor-element elementor-element-00780df\" data-id=\"00780df\" data-element_type=\"column\" data-e-type=\"column\">\n\t\t\t<div class=\"elementor-widget-wrap elementor-element-populated\">\n\t\t\t\t\t\t<div class=\"elementor-element elementor-element-078a193 elementor-widget elementor-widget-heading\" data-id=\"078a193\" data-element_type=\"widget\" data-e-type=\"widget\" data-widget_type=\"heading.default\">\n\t\t\t\t<div class=\"elementor-widget-container\">\n\t\t\t\t\t<h1 class=\"elementor-heading-title elementor-size-default\">LBI-Reiniger f\u00fcr eine saubere Umgebung<\/h1>\t\t\t\t<\/div>\n\t\t\t\t<\/div>\n\t\t\t\t<div class=\"elementor-element elementor-element-164c82c elementor-widget elementor-widget-text-editor\" data-id=\"164c82c\" data-element_type=\"widget\" data-e-type=\"widget\" data-widget_type=\"text-editor.default\">\n\t\t\t\t<div class=\"elementor-widget-container\">\n\t\t\t\t\t\t\t\t\t<p>Ob zum Reinigen der Werkzeug, Werkst\u00fccke, der Maschinen oder zum Boden wischen. Reinigungsmittel werden in jeder Produktion ben\u00f6tigt. Auch hier haben wir \u00f6lfreie Alternativen zu den bekannten L\u00f6semitteln im Portfolio.<\/p><p>Unsere Reinigungsmittel der LUBclean Serie sind perfekt auf unsere \u00f6lfreien LUB-Schmierstoffe abgestimmt um so f\u00fcr eine einfache Reinigung der Bauteile zu sorgen ohne die Umwelt unn\u00f6tig zu belasten.<\/p><p>F\u00fcr die Reinigung von Bauteilen, die in Kontakt mit Lebensmitteln stehen, haben wir die CBC-Serie mit NSF-A Lebensmittelfreigabe.<\/p>\t\t\t\t\t\t\t\t<\/div>\n\t\t\t\t<\/div>\n\t\t\t\t\t<\/div>\n\t\t<\/div>\n\t\t\t\t\t<\/div>\n\t\t<\/section>\n\t\t\t\t<section class=\"elementor-section elementor-top-section elementor-element elementor-element-b61041e elementor-section-boxed elementor-section-height-default elementor-section-height-default\" data-id=\"b61041e\" data-element_type=\"section\" data-e-type=\"section\" data-settings='{\"jet_parallax_layout_list\":[{\"jet_parallax_layout_image\":{\"url\":\"\",\"id\":\"\",\"size\":\"\"},\"_id\":\"140cd5a\",\"jet_parallax_layout_image_tablet\":{\"url\":\"\",\"id\":\"\",\"size\":\"\"},\"jet_parallax_layout_image_mobile\":{\"url\":\"\",\"id\":\"\",\"size\":\"\"},\"jet_parallax_layout_speed\":{\"unit\":\"%\",\"size\":50,\"sizes\":[]},\"jet_parallax_layout_type\":\"scroll\",\"jet_parallax_layout_direction\":\"1\",\"jet_parallax_layout_fx_direction\":null,\"jet_parallax_layout_z_index\":\"\",\"jet_parallax_layout_bg_x\":50,\"jet_parallax_layout_bg_x_tablet\":\"\",\"jet_parallax_layout_bg_x_mobile\":\"\",\"jet_parallax_layout_bg_y\":50,\"jet_parallax_layout_bg_y_tablet\":\"\",\"jet_parallax_layout_bg_y_mobile\":\"\",\"jet_parallax_layout_bg_size\":\"auto\",\"jet_parallax_layout_bg_size_tablet\":\"\",\"jet_parallax_layout_bg_size_mobile\":\"\",\"jet_parallax_layout_animation_prop\":\"transform\",\"jet_parallax_layout_on\":[\"desktop\",\"tablet\"]}],\"background_background\":\"classic\"}'>\n\t\t\t\t\t\t<div class=\"elementor-container elementor-column-gap-default\">\n\t\t\t\t\t<div class=\"elementor-column elementor-col-100 elementor-top-column elementor-element elementor-element-794b121\" data-id=\"794b121\" data-element_type=\"column\" data-e-type=\"column\">\n\t\t\t<div class=\"elementor-widget-wrap elementor-element-populated\">\n\t\t\t\t\t\t<div class=\"elementor-element elementor-element-f4f9791 elementor-widget elementor-widget-heading\" data-id=\"f4f9791\" data-element_type=\"widget\" data-e-type=\"widget\" data-widget_type=\"heading.default\">\n\t\t\t\t<div class=\"elementor-widget-container\">\n\t\t\t\t\t<h2 class=\"elementor-heading-title elementor-size-default\">Unsere Reinigungsmittel-Produktreihen<\/h2>\t\t\t\t<\/div>\n\t\t\t\t<\/div>\n\t\t\t\t<section class=\"elementor-section elementor-inner-section elementor-element elementor-element-ffbd041 elementor-section-boxed elementor-section-height-default elementor-section-height-default\" data-id=\"ffbd041\" data-element_type=\"section\" data-e-type=\"section\" data-settings='{\"jet_parallax_layout_list\":[]}'>\n\t\t\t\t\t\t<div class=\"elementor-container elementor-column-gap-default\">\n\t\t\t\t\t<div class=\"elementor-column elementor-col-50 elementor-inner-column elementor-element elementor-element-ccb83e4\" data-id=\"ccb83e4\" data-element_type=\"column\" data-e-type=\"column\">\n\t\t\t<div class=\"elementor-widget-wrap elementor-element-populated\">\n\t\t\t\t\t\t<div class=\"elementor-element elementor-element-5f26cf0 elementor-view-default elementor-position-block-start elementor-mobile-position-block-start elementor-widget elementor-widget-icon-box\" data-id=\"5f26cf0\" data-element_type=\"widget\" data-e-type=\"widget\" data-widget_type=\"icon-box.default\">\n\t\t\t\t<div class=\"elementor-widget-container\">\n\t\t\t\t\t\t\t<div class=\"elementor-icon-box-wrapper\">\n\n\t\t\t\t\t\t<div class=\"elementor-icon-box-icon\">\n\t\t\t\t<a href=\"\/produkte\/reinigungsmittel\/lubclean\/\" class=\"elementor-icon\" tabindex=\"-1\" aria-label=\"LUBclean\">\n\t\t\t\t<i aria-hidden=\"true\" class=\"fas fa-flask\"><\/i>\t\t\t\t<\/a>\n\t\t\t<\/div>\n\t\t\t\n\t\t\t\t\t\t<div class=\"elementor-icon-box-content\">\n\n\t\t\t\t\t\t\t\t\t<h3 class=\"elementor-icon-box-title\">\n\t\t\t\t\t\t<a href=\"\/produkte\/reinigungsmittel\/lubclean\/\">\n\t\t\t\t\t\t\tLUBclean\t\t\t\t\t\t<\/a>\n\t\t\t\t\t<\/h3>\n\t\t\t\t\n\t\t\t\t\t\t\t\t\t<p class=\"elementor-icon-box-description\">\n\t\t\t\t\t\tAuf unsere LUB-Produkte abgestimmte Reinigungsmittel\t\t\t\t\t<\/p>\n\t\t\t\t\n\t\t\t<\/div>\n\t\t\t\n\t\t<\/div>\n\t\t\t\t\t\t<\/div>\n\t\t\t\t<\/div>\n\t\t\t\t\t<\/div>\n\t\t<\/div>\n\t\t\t\t<div class=\"elementor-column elementor-col-50 elementor-inner-column elementor-element elementor-element-578f552\" data-id=\"578f552\" data-element_type=\"column\" data-e-type=\"column\">\n\t\t\t<div class=\"elementor-widget-wrap elementor-element-populated\">\n\t\t\t\t\t\t<div class=\"elementor-element elementor-element-aca803d elementor-view-default elementor-position-block-start elementor-mobile-position-block-start elementor-widget elementor-widget-icon-box\" data-id=\"aca803d\" data-element_type=\"widget\" data-e-type=\"widget\" data-widget_type=\"icon-box.default\">\n\t\t\t\t<div class=\"elementor-widget-container\">\n\t\t\t\t\t\t\t<div class=\"elementor-icon-box-wrapper\">\n\n\t\t\t\t\t\t<div class=\"elementor-icon-box-icon\">\n\t\t\t\t<a href=\"\/produkte\/reinigungsmittel\/cbc-reihe\/\" class=\"elementor-icon\" tabindex=\"-1\" aria-label=\"CBC-Reihe\">\n\t\t\t\t<i aria-hidden=\"true\" class=\"fas fa-flask\"><\/i>\t\t\t\t<\/a>\n\t\t\t<\/div>\n\t\t\t\n\t\t\t\t\t\t<div class=\"elementor-icon-box-content\">\n\n\t\t\t\t\t\t\t\t\t<h3 class=\"elementor-icon-box-title\">\n\t\t\t\t\t\t<a href=\"\/produkte\/reinigungsmittel\/cbc-reihe\/\">\n\t\t\t\t\t\t\tCBC-Reihe\t\t\t\t\t\t<\/a>\n\t\t\t\t\t<\/h3>\n\t\t\t\t\n\t\t\t\t\t\t\t\t\t<p class=\"elementor-icon-box-description\">\n\t\t\t\t\t\tLebensmittelfreigegebene Entfetter auf Wasserbasis\t\t\t\t\t<\/p>\n\t\t\t\t\n\t\t\t<\/div>\n\t\t\t\n\t\t<\/div>\n\t\t\t\t\t\t<\/div>\n\t\t\t\t<\/div>\n\t\t\t\t\t<\/div>\n\t\t<\/div>\n\t\t\t\t\t<\/div>\n\t\t<\/section>\n\t\t\t\t<div class=\"elementor-element elementor-element-6aba4fb elementor-widget elementor-widget-spacer\" data-id=\"6aba4fb\" data-element_type=\"widget\" data-e-type=\"widget\" data-widget_type=\"spacer.default\">\n\t\t\t\t<div class=\"elementor-widget-container\">\n\t\t\t\t\t\t\t<div class=\"elementor-spacer\">\n\t\t\t<div class=\"elementor-spacer-inner\"><\/div>\n\t\t<\/div>\n\t\t\t\t\t\t<\/div>\n\t\t\t\t<\/div>\n\t\t\t\t\t<\/div>\n\t\t<\/div>\n\t\t\t\t\t<\/div>\n\t\t<\/section>\n\t\t\t\t<section class=\"elementor-section elementor-top-section elementor-element elementor-element-424c907 elementor-section-boxed elementor-section-height-default elementor-section-height-default\" data-id=\"424c907\" data-element_type=\"section\" data-e-type=\"section\" data-settings='{\"jet_parallax_layout_list\":[{\"jet_parallax_layout_image\":{\"url\":\"\",\"id\":\"\",\"size\":\"\"},\"_id\":\"5f1ddde\",\"jet_parallax_layout_image_tablet\":{\"url\":\"\",\"id\":\"\",\"size\":\"\"},\"jet_parallax_layout_image_mobile\":{\"url\":\"\",\"id\":\"\",\"size\":\"\"},\"jet_parallax_layout_speed\":{\"unit\":\"%\",\"size\":50,\"sizes\":[]},\"jet_parallax_layout_type\":\"scroll\",\"jet_parallax_layout_direction\":\"1\",\"jet_parallax_layout_fx_direction\":null,\"jet_parallax_layout_z_index\":\"\",\"jet_parallax_layout_bg_x\":50,\"jet_parallax_layout_bg_x_tablet\":\"\",\"jet_parallax_layout_bg_x_mobile\":\"\",\"jet_parallax_layout_bg_y\":50,\"jet_parallax_layout_bg_y_tablet\":\"\",\"jet_parallax_layout_bg_y_mobile\":\"\",\"jet_parallax_layout_bg_size\":\"auto\",\"jet_parallax_layout_bg_size_tablet\":\"\",\"jet_parallax_layout_bg_size_mobile\":\"\",\"jet_parallax_layout_animation_prop\":\"transform\",\"jet_parallax_layout_on\":[\"desktop\",\"tablet\"]}]}'>\n\t\t\t\t\t\t<div class=\"elementor-container elementor-column-gap-default\">\n\t\t\t\t\t<div class=\"elementor-column elementor-col-100 elementor-top-column elementor-element elementor-element-f82b30f\" data-id=\"f82b30f\" data-element_type=\"column\" data-e-type=\"column\">\n\t\t\t<div class=\"elementor-widget-wrap elementor-element-populated\">\n\t\t\t\t\t\t<div class=\"elementor-element elementor-element-4c1edae elementor-widget elementor-widget-shortcode\" data-id=\"4c1edae\" data-element_type=\"widget\" data-e-type=\"widget\" data-widget_type=\"shortcode.default\">\n\t\t\t\t<div class=\"elementor-widget-container\">\n\t\t\t\t\t\t\t<div class=\"elementor-shortcode\">\t\t<div data-elementor-type=\"section\" data-elementor-id=\"3063\" class=\"elementor elementor-3063\" data-elementor-post-type=\"elementor_library\">\n\t\t\t\t\t<section class=\"elementor-section elementor-top-section elementor-element elementor-element-4217843f elementor-section-boxed elementor-section-height-default elementor-section-height-default\" data-id=\"4217843f\" data-element_type=\"section\" data-e-type=\"section\" data-settings='{\"jet_parallax_layout_list\":[{\"jet_parallax_layout_image\":{\"url\":\"\",\"id\":\"\",\"size\":\"\"},\"_id\":\"5f1ddde\",\"jet_parallax_layout_image_tablet\":{\"url\":\"\",\"id\":\"\",\"size\":\"\"},\"jet_parallax_layout_image_mobile\":{\"url\":\"\",\"id\":\"\",\"size\":\"\"},\"jet_parallax_layout_speed\":{\"unit\":\"%\",\"size\":50,\"sizes\":[]},\"jet_parallax_layout_type\":\"scroll\",\"jet_parallax_layout_direction\":\"1\",\"jet_parallax_layout_fx_direction\":null,\"jet_parallax_layout_z_index\":\"\",\"jet_parallax_layout_bg_x\":50,\"jet_parallax_layout_bg_x_tablet\":\"\",\"jet_parallax_layout_bg_x_mobile\":\"\",\"jet_parallax_layout_bg_y\":50,\"jet_parallax_layout_bg_y_tablet\":\"\",\"jet_parallax_layout_bg_y_mobile\":\"\",\"jet_parallax_layout_bg_size\":\"auto\",\"jet_parallax_layout_bg_size_tablet\":\"\",\"jet_parallax_layout_bg_size_mobile\":\"\",\"jet_parallax_layout_animation_prop\":\"transform\",\"jet_parallax_layout_on\":[\"desktop\",\"tablet\"]}]}'>\n\t\t\t\t\t\t<div class=\"elementor-container elementor-column-gap-default\">\n\t\t\t\t\t<div class=\"elementor-column elementor-col-100 elementor-top-column elementor-element elementor-element-7205735a\" data-id=\"7205735a\" data-element_type=\"column\" data-e-type=\"column\">\n\t\t\t<div class=\"elementor-widget-wrap elementor-element-populated\">\n\t\t\t\t\t\t<div class=\"elementor-element elementor-element-791d863b elementor-widget elementor-widget-image\" data-id=\"791d863b\" data-element_type=\"widget\" data-e-type=\"widget\" data-widget_type=\"image.default\">\n\t\t\t\t<div class=\"elementor-widget-container\">\n\t\t\t\t\t\t\t\t\t\t\t\t\t\t\t\t<a href=\"https:\/\/www.lbi-oilfree.de\/kontaktformular\/\">\n\t\t\t\t\t\t\t<img decoding=\"async\" width=\"72\" height=\"78\" src=\"https:\/\/i0.wp.com\/www.lbi-oilfree.de\/wp-content\/uploads\/2021\/11\/Screenshot_13.png?fit=72%2C78&amp;ssl=1\" class=\"attachment-large size-large wp-image-901\" alt=\"\" loading=\"eager\">\t\t\t\t\t\t\t\t<\/a>\n\t\t\t\t\t\t\t\t\t\t\t\t\t\t\t<\/div>\n\t\t\t\t<\/div>\n\t\t\t\t<div class=\"elementor-element elementor-element-795a8b1b elementor-widget elementor-widget-heading\" data-id=\"795a8b1b\" data-element_type=\"widget\" data-e-type=\"widget\" data-widget_type=\"heading.default\">\n\t\t\t\t<div class=\"elementor-widget-container\">\n\t\t\t\t\t<div class=\"elementor-heading-title elementor-size-default\">Sie haben Fragen oder interessieren sich f\u00fcr die Schmierstoffe oder Dosiertechnik von LBI oil free?<br> Dann freuen wir uns auf Ihren Anruf oder auf Ihre Post!<\/div>\t\t\t\t<\/div>\n\t\t\t\t<\/div>\n\t\t\t\t\t<\/div>\n\t\t<\/div>\n\t\t\t\t\t<\/div>\n\t\t<\/section>\n\t\t\t\t<\/div>\n\t\t<\/div>\n\t\t\t\t\t\t<\/div>\n\t\t\t\t<\/div>\n\t\t\t\t\t<\/div>\n\t\t<\/div>\n\t\t\t\t\t<\/div>\n\t\t<\/section>\n\t\t\t\t<\/div>\n\t\t<\/body>","protected":false},"excerpt":{"rendered":"<p>LBI-Reiniger f\u00fcr eine saubere Umgebung Ob zum Reinigen der Werkzeug, Werkst\u00fccke, der Maschinen oder zum Boden wischen. Reinigungsmittel werden in jeder Produktion ben\u00f6tigt. Auch hier haben wir \u00f6lfreie Alternativen zu den bekannten L\u00f6semitteln im Portfolio. Unsere Reinigungsmittel der LUBclean Serie sind perfekt auf unsere \u00f6lfreien LUB-Schmierstoffe abgestimmt um so f\u00fcr eine einfache Reinigung der Bauteile [&hellip;]<\/p>\n","protected":false},"author":2,"featured_media":0,"parent":893,"menu_order":0,"comment_status":"closed","ping_status":"closed","template":"elementor_header_footer","meta":{"footnotes":""},"class_list":["post-6307","page","type-page","status-publish","hentry"],"yoast_head":"<!-- This site is optimized with the Yoast SEO plugin v27.5 - https:\/\/yoast.com\/product\/yoast-seo-wordpress\/ -->\n<title>LUBbend von LBI oil free<\/title>\n<meta name=\"description\" content=\"LUBbend von LBI oil free ist die umweltfreundliche Produktreihe f\u00fcr optimale und effiziente Biegeprozesse.\" \/>\n<meta name=\"robots\" content=\"index, follow, max-snippet:-1, max-image-preview:large, max-video-preview:-1\" \/>\n<link rel=\"canonical\" href=\"https:\/\/www.lbi-oilfree.de\/en\/produkte\/reinigungsmittel\/\" \/>\n<script type=\"application\/ld+json\" class=\"yoast-schema-graph\">{\"@context\":\"https:\\\/\\\/schema.org\",\"@graph\":[{\"@type\":\"WebPage\",\"@id\":\"https:\\\/\\\/www.lbi-oilfree.de\\\/produkte\\\/reinigungsmittel\\\/\",\"url\":\"https:\\\/\\\/www.lbi-oilfree.de\\\/produkte\\\/reinigungsmittel\\\/\",\"name\":\"LUBbend von LBI oil free\",\"isPartOf\":{\"@id\":\"https:\\\/\\\/www.lbi-oilfree.de\\\/#website\"},\"datePublished\":\"2025-06-04T11:01:00+00:00\",\"dateModified\":\"2025-06-04T11:35:27+00:00\",\"description\":\"LUBbend von LBI oil free ist die umweltfreundliche Produktreihe f\u00fcr optimale und effiziente Biegeprozesse.\",\"breadcrumb\":{\"@id\":\"https:\\\/\\\/www.lbi-oilfree.de\\\/produkte\\\/reinigungsmittel\\\/#breadcrumb\"},\"inLanguage\":\"en-GB\",\"potentialAction\":[{\"@type\":\"ReadAction\",\"target\":[\"https:\\\/\\\/www.lbi-oilfree.de\\\/produkte\\\/reinigungsmittel\\\/\"]}]},{\"@type\":\"BreadcrumbList\",\"@id\":\"https:\\\/\\\/www.lbi-oilfree.de\\\/produkte\\\/reinigungsmittel\\\/#breadcrumb\",\"itemListElement\":[{\"@type\":\"ListItem\",\"position\":1,\"name\":\"Home\",\"item\":\"https:\\\/\\\/www.lbi-oilfree.de\\\/\"},{\"@type\":\"ListItem\",\"position\":2,\"name\":\"PRODUKTE\",\"item\":\"https:\\\/\\\/www.lbi-oilfree.de\\\/produkte\\\/\"},{\"@type\":\"ListItem\",\"position\":3,\"name\":\"Reinigungsmittel\"}]},{\"@type\":\"WebSite\",\"@id\":\"https:\\\/\\\/www.lbi-oilfree.de\\\/#website\",\"url\":\"https:\\\/\\\/www.lbi-oilfree.de\\\/\",\"name\":\"LBI\",\"description\":\"LBI oil free ist Hersteller \u00f6lfreier Schmierstoffe f\u00fcr die Metallumformung und Dosiersystemen\",\"publisher\":{\"@id\":\"https:\\\/\\\/www.lbi-oilfree.de\\\/#organization\"},\"potentialAction\":[{\"@type\":\"SearchAction\",\"target\":{\"@type\":\"EntryPoint\",\"urlTemplate\":\"https:\\\/\\\/www.lbi-oilfree.de\\\/?s={search_term_string}\"},\"query-input\":{\"@type\":\"PropertyValueSpecification\",\"valueRequired\":true,\"valueName\":\"search_term_string\"}}],\"inLanguage\":\"en-GB\"},{\"@type\":\"Organization\",\"@id\":\"https:\\\/\\\/www.lbi-oilfree.de\\\/#organization\",\"name\":\"LBI oil free GmbH\",\"url\":\"https:\\\/\\\/www.lbi-oilfree.de\\\/\",\"logo\":{\"@type\":\"ImageObject\",\"inLanguage\":\"en-GB\",\"@id\":\"https:\\\/\\\/www.lbi-oilfree.de\\\/#\\\/schema\\\/logo\\\/image\\\/\",\"url\":\"https:\\\/\\\/i0.wp.com\\\/www.lbi-oilfree.de\\\/wp-content\\\/uploads\\\/2022\\\/01\\\/logo_LBI_250.png?fit=250%2C250&ssl=1\",\"contentUrl\":\"https:\\\/\\\/i0.wp.com\\\/www.lbi-oilfree.de\\\/wp-content\\\/uploads\\\/2022\\\/01\\\/logo_LBI_250.png?fit=250%2C250&ssl=1\",\"width\":250,\"height\":250,\"caption\":\"LBI oil free GmbH\"},\"image\":{\"@id\":\"https:\\\/\\\/www.lbi-oilfree.de\\\/#\\\/schema\\\/logo\\\/image\\\/\"},\"sameAs\":[\"https:\\\/\\\/de.linkedin.com\\\/company\\\/lbi-oil-free-division-gmbh\"]}]}<\/script>\n<!-- \/ Yoast SEO plugin. -->","yoast_head_json":{"title":"LUBbend von LBI oil free","description":"LUBbend von LBI oil free ist die umweltfreundliche Produktreihe f\u00fcr optimale und effiziente Biegeprozesse.","robots":{"index":"index","follow":"follow","max-snippet":"max-snippet:-1","max-image-preview":"max-image-preview:large","max-video-preview":"max-video-preview:-1"},"canonical":"https:\/\/www.lbi-oilfree.de\/en\/produkte\/reinigungsmittel\/","schema":{"@context":"https:\/\/schema.org","@graph":[{"@type":"WebPage","@id":"https:\/\/www.lbi-oilfree.de\/produkte\/reinigungsmittel\/","url":"https:\/\/www.lbi-oilfree.de\/produkte\/reinigungsmittel\/","name":"LUBbend von LBI oil free","isPartOf":{"@id":"https:\/\/www.lbi-oilfree.de\/#website"},"datePublished":"2025-06-04T11:01:00+00:00","dateModified":"2025-06-04T11:35:27+00:00","description":"LUBbend von LBI oil free ist die umweltfreundliche Produktreihe f\u00fcr optimale und effiziente Biegeprozesse.","breadcrumb":{"@id":"https:\/\/www.lbi-oilfree.de\/produkte\/reinigungsmittel\/#breadcrumb"},"inLanguage":"en-GB","potentialAction":[{"@type":"ReadAction","target":["https:\/\/www.lbi-oilfree.de\/produkte\/reinigungsmittel\/"]}]},{"@type":"BreadcrumbList","@id":"https:\/\/www.lbi-oilfree.de\/produkte\/reinigungsmittel\/#breadcrumb","itemListElement":[{"@type":"ListItem","position":1,"name":"Home","item":"https:\/\/www.lbi-oilfree.de\/"},{"@type":"ListItem","position":2,"name":"PRODUKTE","item":"https:\/\/www.lbi-oilfree.de\/produkte\/"},{"@type":"ListItem","position":3,"name":"Reinigungsmittel"}]},{"@type":"WebSite","@id":"https:\/\/www.lbi-oilfree.de\/#website","url":"https:\/\/www.lbi-oilfree.de\/","name":"LBI","description":"LBI oil free ist Hersteller \u00f6lfreier Schmierstoffe f\u00fcr die Metallumformung und Dosiersystemen","publisher":{"@id":"https:\/\/www.lbi-oilfree.de\/#organization"},"potentialAction":[{"@type":"SearchAction","target":{"@type":"EntryPoint","urlTemplate":"https:\/\/www.lbi-oilfree.de\/?s={search_term_string}"},"query-input":{"@type":"PropertyValueSpecification","valueRequired":true,"valueName":"search_term_string"}}],"inLanguage":"en-GB"},{"@type":"Organization","@id":"https:\/\/www.lbi-oilfree.de\/#organization","name":"LBI oil free GmbH","url":"https:\/\/www.lbi-oilfree.de\/","logo":{"@type":"ImageObject","inLanguage":"en-GB","@id":"https:\/\/www.lbi-oilfree.de\/#\/schema\/logo\/image\/","url":"https:\/\/i0.wp.com\/www.lbi-oilfree.de\/wp-content\/uploads\/2022\/01\/logo_LBI_250.png?fit=250%2C250&ssl=1","contentUrl":"https:\/\/i0.wp.com\/www.lbi-oilfree.de\/wp-content\/uploads\/2022\/01\/logo_LBI_250.png?fit=250%2C250&ssl=1","width":250,"height":250,"caption":"LBI oil free GmbH"},"image":{"@id":"https:\/\/www.lbi-oilfree.de\/#\/schema\/logo\/image\/"},"sameAs":["https:\/\/de.linkedin.com\/company\/lbi-oil-free-division-gmbh"]}]}},"_links":{"self":[{"href":"https:\/\/www.lbi-oilfree.de\/en\/wp-json\/wp\/v2\/pages\/6307","targetHints":{"allow":["GET"]}}],"collection":[{"href":"https:\/\/www.lbi-oilfree.de\/en\/wp-json\/wp\/v2\/pages"}],"about":[{"href":"https:\/\/www.lbi-oilfree.de\/en\/wp-json\/wp\/v2\/types\/page"}],"author":[{"embeddable":true,"href":"https:\/\/www.lbi-oilfree.de\/en\/wp-json\/wp\/v2\/users\/2"}],"replies":[{"embeddable":true,"href":"https:\/\/www.lbi-oilfree.de\/en\/wp-json\/wp\/v2\/comments?post=6307"}],"version-history":[{"count":5,"href":"https:\/\/www.lbi-oilfree.de\/en\/wp-json\/wp\/v2\/pages\/6307\/revisions"}],"predecessor-version":[{"id":6367,"href":"https:\/\/www.lbi-oilfree.de\/en\/wp-json\/wp\/v2\/pages\/6307\/revisions\/6367"}],"up":[{"embeddable":true,"href":"https:\/\/www.lbi-oilfree.de\/en\/wp-json\/wp\/v2\/pages\/893"}],"wp:attachment":[{"href":"https:\/\/www.lbi-oilfree.de\/en\/wp-json\/wp\/v2\/media?parent=6307"}],"curies":[{"name":"wp","href":"https:\/\/api.w.org\/{rel}","templated":true}]}}