{"id":4050,"date":"2022-04-27T12:10:16","date_gmt":"2022-04-27T11:10:16","guid":{"rendered":"https:\/\/www.lbi-oilfree.de\/?page_id=4050"},"modified":"2023-12-13T12:27:49","modified_gmt":"2023-12-13T11:27:49","slug":"trockenschmierstoffe","status":"publish","type":"page","link":"https:\/\/www.lbi-oilfree.de\/en\/schmierstoffe\/trockenschmierstoffe\/","title":{"rendered":"DRY LUBRICANTS"},"content":{"rendered":"<body>\t\t<div data-elementor-type=\"wp-page\" data-elementor-id=\"4050\" class=\"elementor elementor-4050\" data-elementor-post-type=\"page\">\n\t\t\t\t\t\t<section class=\"elementor-section elementor-top-section elementor-element elementor-element-2819bbf elementor-section-height-min-height elementor-section-boxed elementor-section-height-default elementor-section-items-middle\" data-id=\"2819bbf\" data-element_type=\"section\" data-e-type=\"section\" data-settings='{\"jet_parallax_layout_list\":[{\"jet_parallax_layout_image\":{\"url\":\"\",\"id\":\"\",\"size\":\"\"},\"_id\":\"c804e16\",\"jet_parallax_layout_image_tablet\":{\"url\":\"\",\"id\":\"\",\"size\":\"\"},\"jet_parallax_layout_image_mobile\":{\"url\":\"\",\"id\":\"\",\"size\":\"\"},\"jet_parallax_layout_speed\":{\"unit\":\"%\",\"size\":50,\"sizes\":[]},\"jet_parallax_layout_type\":\"scroll\",\"jet_parallax_layout_direction\":\"1\",\"jet_parallax_layout_fx_direction\":null,\"jet_parallax_layout_z_index\":\"\",\"jet_parallax_layout_bg_x\":50,\"jet_parallax_layout_bg_x_tablet\":\"\",\"jet_parallax_layout_bg_x_mobile\":\"\",\"jet_parallax_layout_bg_y\":50,\"jet_parallax_layout_bg_y_tablet\":\"\",\"jet_parallax_layout_bg_y_mobile\":\"\",\"jet_parallax_layout_bg_size\":\"auto\",\"jet_parallax_layout_bg_size_tablet\":\"\",\"jet_parallax_layout_bg_size_mobile\":\"\",\"jet_parallax_layout_animation_prop\":\"transform\",\"jet_parallax_layout_on\":[\"desktop\",\"tablet\"]}],\"background_background\":\"classic\"}'>\n\t\t\t\t\t\t<div class=\"elementor-container elementor-column-gap-default\">\n\t\t\t\t\t<div class=\"elementor-column elementor-col-100 elementor-top-column elementor-element elementor-element-2680270\" data-id=\"2680270\" data-element_type=\"column\" data-e-type=\"column\">\n\t\t\t<div class=\"elementor-widget-wrap\">\n\t\t\t\t\t\t\t<\/div>\n\t\t<\/div>\n\t\t\t\t\t<\/div>\n\t\t<\/section>\n\t\t\t\t<section class=\"elementor-section elementor-top-section elementor-element elementor-element-4864115 elementor-section-boxed elementor-section-height-default elementor-section-height-default\" data-id=\"4864115\" data-element_type=\"section\" data-e-type=\"section\" data-settings='{\"jet_parallax_layout_list\":[{\"jet_parallax_layout_image\":{\"url\":\"\",\"id\":\"\",\"size\":\"\"},\"_id\":\"e7a74a7\",\"jet_parallax_layout_image_tablet\":{\"url\":\"\",\"id\":\"\",\"size\":\"\"},\"jet_parallax_layout_image_mobile\":{\"url\":\"\",\"id\":\"\",\"size\":\"\"},\"jet_parallax_layout_speed\":{\"unit\":\"%\",\"size\":50,\"sizes\":[]},\"jet_parallax_layout_type\":\"scroll\",\"jet_parallax_layout_direction\":\"1\",\"jet_parallax_layout_fx_direction\":null,\"jet_parallax_layout_z_index\":\"\",\"jet_parallax_layout_bg_x\":50,\"jet_parallax_layout_bg_x_tablet\":\"\",\"jet_parallax_layout_bg_x_mobile\":\"\",\"jet_parallax_layout_bg_y\":50,\"jet_parallax_layout_bg_y_tablet\":\"\",\"jet_parallax_layout_bg_y_mobile\":\"\",\"jet_parallax_layout_bg_size\":\"auto\",\"jet_parallax_layout_bg_size_tablet\":\"\",\"jet_parallax_layout_bg_size_mobile\":\"\",\"jet_parallax_layout_animation_prop\":\"transform\",\"jet_parallax_layout_on\":[\"desktop\",\"tablet\"]}],\"background_background\":\"classic\"}'>\n\t\t\t\t\t\t<div class=\"elementor-container elementor-column-gap-default\">\n\t\t\t\t\t<div class=\"elementor-column elementor-col-100 elementor-top-column elementor-element elementor-element-00780df\" data-id=\"00780df\" data-element_type=\"column\" data-e-type=\"column\">\n\t\t\t<div class=\"elementor-widget-wrap elementor-element-populated\">\n\t\t\t\t\t\t<div class=\"elementor-element elementor-element-078a193 elementor-widget elementor-widget-heading\" data-id=\"078a193\" data-element_type=\"widget\" data-e-type=\"widget\" data-widget_type=\"heading.default\">\n\t\t\t\t<div class=\"elementor-widget-container\">\n\t\t\t\t\t<h1 class=\"elementor-heading-title elementor-size-default\">Trockenschmierstoffe <br> f\u00fcr ein cooles Ergebnis<\/h1>\t\t\t\t<\/div>\n\t\t\t\t<\/div>\n\t\t\t\t<section class=\"elementor-section elementor-inner-section elementor-element elementor-element-0cc222e elementor-section-boxed elementor-section-height-default elementor-section-height-default\" data-id=\"0cc222e\" data-element_type=\"section\" data-e-type=\"section\" data-settings='{\"jet_parallax_layout_list\":[{\"jet_parallax_layout_image\":{\"url\":\"\",\"id\":\"\",\"size\":\"\"},\"_id\":\"9ad6936\",\"jet_parallax_layout_image_tablet\":{\"url\":\"\",\"id\":\"\",\"size\":\"\"},\"jet_parallax_layout_image_mobile\":{\"url\":\"\",\"id\":\"\",\"size\":\"\"},\"jet_parallax_layout_speed\":{\"unit\":\"%\",\"size\":50,\"sizes\":[]},\"jet_parallax_layout_type\":\"scroll\",\"jet_parallax_layout_direction\":\"1\",\"jet_parallax_layout_fx_direction\":null,\"jet_parallax_layout_z_index\":\"\",\"jet_parallax_layout_bg_x\":50,\"jet_parallax_layout_bg_x_tablet\":\"\",\"jet_parallax_layout_bg_x_mobile\":\"\",\"jet_parallax_layout_bg_y\":50,\"jet_parallax_layout_bg_y_tablet\":\"\",\"jet_parallax_layout_bg_y_mobile\":\"\",\"jet_parallax_layout_bg_size\":\"auto\",\"jet_parallax_layout_bg_size_tablet\":\"\",\"jet_parallax_layout_bg_size_mobile\":\"\",\"jet_parallax_layout_animation_prop\":\"transform\",\"jet_parallax_layout_on\":[\"desktop\",\"tablet\"]}]}'>\n\t\t\t\t\t\t<div class=\"elementor-container elementor-column-gap-default\">\n\t\t\t\t\t<div class=\"elementor-column elementor-col-50 elementor-inner-column elementor-element elementor-element-6222796\" data-id=\"6222796\" data-element_type=\"column\" data-e-type=\"column\">\n\t\t\t<div class=\"elementor-widget-wrap elementor-element-populated\">\n\t\t\t\t\t\t<div class=\"elementor-element elementor-element-de4a8a3 elementor-widget elementor-widget-text-editor\" data-id=\"de4a8a3\" data-element_type=\"widget\" data-e-type=\"widget\" data-widget_type=\"text-editor.default\">\n\t\t\t\t<div class=\"elementor-widget-container\">\n\t\t\t\t\t\t\t\t\t<p>Trockenschmierstoffe minimieren extrem den Verschlei\u00df, weil sie sowohl das Werkzeug als auch das Produkt stark k\u00fchlen. Das berichten die Kunden von LBI oil free, das mit seinem Trockenschmierstoff LUBform 1330-PW-dry einen erfolgreichen Markteintritt absolviert hat. Der wasserbasierte Hochleistungs-Trockenschmierstoff ist deshalb so erfolgreich, weil seine Formulierung einen Kontakt des Werkzeugs mit dem Bauteil verhindert. Die Bauteile sind nach der Bearbeitung trocken und k\u00f6nnen sofort weiterverarbeitet werden.<\/p><p>Den h\u00f6chsten Verschlei\u00dfschutz hat das Produkt nach dem Abtrocknen, es kann jedoch auch in fl\u00fcssiger Form eingesetzt werden. Eingesetzt wird der Trockenschmierstoff von LBI oil free beim<\/p><ul><li>Rohrbiegen<\/li><li>Tiefziehen<\/li><li>Rohrendenaufweiten<\/li><li>Dorn-Verschlei\u00dfschutz<\/li><li>Kettenschmierung<\/li><\/ul><p>Aber auch als Montagefluid, als Bowdenzug-Schmierung oder Trennmittel \u00fcberzeugt LUBform 1330-PW-dry auf hohem Niveau. Die Abgasendrohrumformung ist die h\u00e4ufigste Anwendungsumgebung f\u00fcr die Trockenschmiermittel. Jedoch ist das Fluid extrem vielseitig in seiner Anwendbarkeit: \u00dcberall dort, wo Metalle bearbeitet werden. Aufgebracht wird LUBform 1330-PW-dry durch eintauchen der Werkst\u00fccke, mit dem Pinsel, der Handrolle oder der einschl\u00e4gigen Spr\u00fchtechnik von LBI oil free.<\/p>\t\t\t\t\t\t\t\t<\/div>\n\t\t\t\t<\/div>\n\t\t\t\t\t<\/div>\n\t\t<\/div>\n\t\t\t\t<div class=\"elementor-column elementor-col-50 elementor-inner-column elementor-element elementor-element-d2fa0dc\" data-id=\"d2fa0dc\" data-element_type=\"column\" data-e-type=\"column\">\n\t\t\t<div class=\"elementor-widget-wrap elementor-element-populated\">\n\t\t\t\t\t\t<div class=\"elementor-element elementor-element-b92593d elementor-widget elementor-widget-image\" data-id=\"b92593d\" data-element_type=\"widget\" data-e-type=\"widget\" data-widget_type=\"image.default\">\n\t\t\t\t<div class=\"elementor-widget-container\">\n\t\t\t\t\t\t\t\t\t\t\t\t\t\t\t<img fetchpriority=\"high\" decoding=\"async\" width=\"640\" height=\"427\" src=\"https:\/\/i0.wp.com\/www.lbi-oilfree.de\/wp-content\/uploads\/2022\/05\/LUBform-dry-LUBsol_bolt-877370-pixabay-640.jpeg?fit=640%2C427&amp;ssl=1\" class=\"attachment-full size-full wp-image-4078\" alt=\"6kant-Schrauben Makroaufnahme\" srcset=\"https:\/\/i0.wp.com\/www.lbi-oilfree.de\/wp-content\/uploads\/2022\/05\/LUBform-dry-LUBsol_bolt-877370-pixabay-640.jpeg?w=640&amp;ssl=1 640w, https:\/\/i0.wp.com\/www.lbi-oilfree.de\/wp-content\/uploads\/2022\/05\/LUBform-dry-LUBsol_bolt-877370-pixabay-640.jpeg?resize=18%2C12&amp;ssl=1 18w, https:\/\/i0.wp.com\/www.lbi-oilfree.de\/wp-content\/uploads\/2022\/05\/LUBform-dry-LUBsol_bolt-877370-pixabay-640.jpeg?resize=600%2C400&amp;ssl=1 600w, https:\/\/i0.wp.com\/www.lbi-oilfree.de\/wp-content\/uploads\/2022\/05\/LUBform-dry-LUBsol_bolt-877370-pixabay-640.jpeg?resize=300%2C200&amp;ssl=1 300w\" sizes=\"(max-width: 640px) 100vw, 640px\" loading=\"eager\">\t\t\t\t\t\t\t\t\t\t\t\t\t\t\t<\/div>\n\t\t\t\t<\/div>\n\t\t\t\t\t<\/div>\n\t\t<\/div>\n\t\t\t\t\t<\/div>\n\t\t<\/section>\n\t\t\t\t\t<\/div>\n\t\t<\/div>\n\t\t\t\t\t<\/div>\n\t\t<\/section>\n\t\t\t\t<section class=\"elementor-section elementor-top-section elementor-element elementor-element-b61041e elementor-section-boxed elementor-section-height-default elementor-section-height-default\" data-id=\"b61041e\" data-element_type=\"section\" data-e-type=\"section\" data-settings='{\"jet_parallax_layout_list\":[{\"jet_parallax_layout_image\":{\"url\":\"\",\"id\":\"\",\"size\":\"\"},\"_id\":\"140cd5a\",\"jet_parallax_layout_image_tablet\":{\"url\":\"\",\"id\":\"\",\"size\":\"\"},\"jet_parallax_layout_image_mobile\":{\"url\":\"\",\"id\":\"\",\"size\":\"\"},\"jet_parallax_layout_speed\":{\"unit\":\"%\",\"size\":50,\"sizes\":[]},\"jet_parallax_layout_type\":\"scroll\",\"jet_parallax_layout_direction\":\"1\",\"jet_parallax_layout_fx_direction\":null,\"jet_parallax_layout_z_index\":\"\",\"jet_parallax_layout_bg_x\":50,\"jet_parallax_layout_bg_x_tablet\":\"\",\"jet_parallax_layout_bg_x_mobile\":\"\",\"jet_parallax_layout_bg_y\":50,\"jet_parallax_layout_bg_y_tablet\":\"\",\"jet_parallax_layout_bg_y_mobile\":\"\",\"jet_parallax_layout_bg_size\":\"auto\",\"jet_parallax_layout_bg_size_tablet\":\"\",\"jet_parallax_layout_bg_size_mobile\":\"\",\"jet_parallax_layout_animation_prop\":\"transform\",\"jet_parallax_layout_on\":[\"desktop\",\"tablet\"]}],\"background_background\":\"classic\"}'>\n\t\t\t\t\t\t<div class=\"elementor-container elementor-column-gap-default\">\n\t\t\t\t\t<div class=\"elementor-column elementor-col-100 elementor-top-column elementor-element elementor-element-794b121\" data-id=\"794b121\" data-element_type=\"column\" data-e-type=\"column\">\n\t\t\t<div class=\"elementor-widget-wrap elementor-element-populated\">\n\t\t\t\t\t\t<div class=\"elementor-element elementor-element-dcfb461 elementor-widget elementor-widget-heading\" data-id=\"dcfb461\" data-element_type=\"widget\" data-e-type=\"widget\" data-widget_type=\"heading.default\">\n\t\t\t\t<div class=\"elementor-widget-container\">\n\t\t\t\t\t<h2 class=\"elementor-heading-title elementor-size-default\">Trockenschmierstoff aus dem eigenen Labor<\/h2>\t\t\t\t<\/div>\n\t\t\t\t<\/div>\n\t\t\t\t<div class=\"elementor-element elementor-element-40e75ad elementor-widget elementor-widget-text-editor\" data-id=\"40e75ad\" data-element_type=\"widget\" data-e-type=\"widget\" data-widget_type=\"text-editor.default\">\n\t\t\t\t<div class=\"elementor-widget-container\">\n\t\t\t\t\t\t\t\t\t<p>Entwickelt wurde der Trockenschmierstoff im unternehmenseigenen Labor von LBI oil free. In die Rezeptur ist die jahrzehntelange Erfahrung des Unternehmens auf dem Gebiet der \u00f6lfreien Schmiermittel eingeflossen. Teststellung in der Anwendungsumgebung der Unternehmen erm\u00f6glichen individuelle Anpassungen der Rezeptur, so dass der Kunde im Ergebnis auf ein f\u00fcr ihn perfekten Ergebnis setzen kann. Von Vorteil ist dabei auch das Know-how des Unternehmens im Hinblick auf die ideale Spr\u00fchtechnik, was den Workflow sehr effizient macht.<\/p>\t\t\t\t\t\t\t\t<\/div>\n\t\t\t\t<\/div>\n\t\t\t\t\t<\/div>\n\t\t<\/div>\n\t\t\t\t\t<\/div>\n\t\t<\/section>\n\t\t\t\t<section class=\"elementor-section elementor-top-section elementor-element elementor-element-424c907 elementor-section-boxed elementor-section-height-default elementor-section-height-default\" data-id=\"424c907\" data-element_type=\"section\" data-e-type=\"section\" data-settings='{\"jet_parallax_layout_list\":[{\"jet_parallax_layout_image\":{\"url\":\"\",\"id\":\"\",\"size\":\"\"},\"_id\":\"5f1ddde\",\"jet_parallax_layout_image_tablet\":{\"url\":\"\",\"id\":\"\",\"size\":\"\"},\"jet_parallax_layout_image_mobile\":{\"url\":\"\",\"id\":\"\",\"size\":\"\"},\"jet_parallax_layout_speed\":{\"unit\":\"%\",\"size\":50,\"sizes\":[]},\"jet_parallax_layout_type\":\"scroll\",\"jet_parallax_layout_direction\":\"1\",\"jet_parallax_layout_fx_direction\":null,\"jet_parallax_layout_z_index\":\"\",\"jet_parallax_layout_bg_x\":50,\"jet_parallax_layout_bg_x_tablet\":\"\",\"jet_parallax_layout_bg_x_mobile\":\"\",\"jet_parallax_layout_bg_y\":50,\"jet_parallax_layout_bg_y_tablet\":\"\",\"jet_parallax_layout_bg_y_mobile\":\"\",\"jet_parallax_layout_bg_size\":\"auto\",\"jet_parallax_layout_bg_size_tablet\":\"\",\"jet_parallax_layout_bg_size_mobile\":\"\",\"jet_parallax_layout_animation_prop\":\"transform\",\"jet_parallax_layout_on\":[\"desktop\",\"tablet\"]}]}'>\n\t\t\t\t\t\t<div class=\"elementor-container elementor-column-gap-default\">\n\t\t\t\t\t<div class=\"elementor-column elementor-col-100 elementor-top-column elementor-element elementor-element-f82b30f\" data-id=\"f82b30f\" data-element_type=\"column\" data-e-type=\"column\">\n\t\t\t<div class=\"elementor-widget-wrap elementor-element-populated\">\n\t\t\t\t\t\t<div class=\"elementor-element elementor-element-7a208c6 elementor-widget elementor-widget-image\" data-id=\"7a208c6\" data-element_type=\"widget\" data-e-type=\"widget\" data-widget_type=\"image.default\">\n\t\t\t\t<div class=\"elementor-widget-container\">\n\t\t\t\t\t\t\t\t\t\t\t\t\t\t\t<img decoding=\"async\" width=\"72\" height=\"78\" src=\"https:\/\/i0.wp.com\/www.lbi-oilfree.de\/wp-content\/uploads\/2021\/11\/Screenshot_13.png?fit=72%2C78&amp;ssl=1\" class=\"attachment-large size-large wp-image-901\" alt=\"\" loading=\"eager\">\t\t\t\t\t\t\t\t\t\t\t\t\t\t\t<\/div>\n\t\t\t\t<\/div>\n\t\t\t\t<div class=\"elementor-element elementor-element-030fa13 elementor-widget elementor-widget-heading\" data-id=\"030fa13\" data-element_type=\"widget\" data-e-type=\"widget\" data-widget_type=\"heading.default\">\n\t\t\t\t<div class=\"elementor-widget-container\">\n\t\t\t\t\t<h2 class=\"elementor-heading-title elementor-size-default\">Sie haben Fragen oder interessieren sich f\u00fcr die Schmierstoffe oder Dosiertechnik von LBI oil free?<br> Dann freuen wir uns auf Ihren Anruf oder auf Ihre Post!<\/h2>\t\t\t\t<\/div>\n\t\t\t\t<\/div>\n\t\t\t\t\t<\/div>\n\t\t<\/div>\n\t\t\t\t\t<\/div>\n\t\t<\/section>\n\t\t\t\t<\/div>\n\t\t<\/body>","protected":false},"excerpt":{"rendered":"<p>Trockenschmierstoffe f\u00fcr ein cooles Ergebnis Trockenschmierstoffe minimieren extrem den Verschlei\u00df, weil sie sowohl das Werkzeug als auch das Produkt stark k\u00fchlen. Das berichten die Kunden von LBI oil free, das mit seinem Trockenschmierstoff LUBform 1330-PW-dry einen erfolgreichen Markteintritt absolviert hat. Der wasserbasierte Hochleistungs-Trockenschmierstoff ist deshalb so erfolgreich, weil seine Formulierung einen Kontakt des Werkzeugs mit [&hellip;]<\/p>\n","protected":false},"author":2,"featured_media":0,"parent":4036,"menu_order":0,"comment_status":"closed","ping_status":"closed","template":"elementor_header_footer","meta":{"footnotes":""},"class_list":["post-4050","page","type-page","status-publish","hentry"],"yoast_head":"<!-- This site is optimized with the Yoast SEO plugin v27.5 - https:\/\/yoast.com\/product\/yoast-seo-wordpress\/ -->\n<title>Trockenschmierstoffe aus dem Labor von LBI oil free<\/title>\n<meta name=\"description\" content=\"Die Trockenschmierstoffe von LBI oilfree k\u00fchlen Produkt und Werkszeug und minimieren extrem den Verschlei\u00df.\" \/>\n<meta name=\"robots\" content=\"index, follow, max-snippet:-1, max-image-preview:large, max-video-preview:-1\" \/>\n<link rel=\"canonical\" href=\"https:\/\/www.lbi-oilfree.de\/en\/schmierstoffe\/trockenschmierstoffe\/\" \/>\n<script type=\"application\/ld+json\" class=\"yoast-schema-graph\">{\"@context\":\"https:\\\/\\\/schema.org\",\"@graph\":[{\"@type\":\"WebPage\",\"@id\":\"https:\\\/\\\/www.lbi-oilfree.de\\\/schmierstoffe\\\/trockenschmierstoffe\\\/\",\"url\":\"https:\\\/\\\/www.lbi-oilfree.de\\\/schmierstoffe\\\/trockenschmierstoffe\\\/\",\"name\":\"Trockenschmierstoffe aus dem Labor von LBI oil free\",\"isPartOf\":{\"@id\":\"https:\\\/\\\/www.lbi-oilfree.de\\\/#website\"},\"primaryImageOfPage\":{\"@id\":\"https:\\\/\\\/www.lbi-oilfree.de\\\/schmierstoffe\\\/trockenschmierstoffe\\\/#primaryimage\"},\"image\":{\"@id\":\"https:\\\/\\\/www.lbi-oilfree.de\\\/schmierstoffe\\\/trockenschmierstoffe\\\/#primaryimage\"},\"thumbnailUrl\":\"https:\\\/\\\/www.lbi-oilfree.de\\\/wp-content\\\/uploads\\\/2022\\\/05\\\/LUBform-dry-LUBsol_bolt-877370-pixabay-640.jpeg\",\"datePublished\":\"2022-04-27T11:10:16+00:00\",\"dateModified\":\"2023-12-13T11:27:49+00:00\",\"description\":\"Die Trockenschmierstoffe von LBI oilfree k\u00fchlen Produkt und Werkszeug und minimieren extrem den Verschlei\u00df.\",\"breadcrumb\":{\"@id\":\"https:\\\/\\\/www.lbi-oilfree.de\\\/schmierstoffe\\\/trockenschmierstoffe\\\/#breadcrumb\"},\"inLanguage\":\"en-GB\",\"potentialAction\":[{\"@type\":\"ReadAction\",\"target\":[\"https:\\\/\\\/www.lbi-oilfree.de\\\/schmierstoffe\\\/trockenschmierstoffe\\\/\"]}]},{\"@type\":\"ImageObject\",\"inLanguage\":\"en-GB\",\"@id\":\"https:\\\/\\\/www.lbi-oilfree.de\\\/schmierstoffe\\\/trockenschmierstoffe\\\/#primaryimage\",\"url\":\"https:\\\/\\\/www.lbi-oilfree.de\\\/wp-content\\\/uploads\\\/2022\\\/05\\\/LUBform-dry-LUBsol_bolt-877370-pixabay-640.jpeg\",\"contentUrl\":\"https:\\\/\\\/www.lbi-oilfree.de\\\/wp-content\\\/uploads\\\/2022\\\/05\\\/LUBform-dry-LUBsol_bolt-877370-pixabay-640.jpeg\"},{\"@type\":\"BreadcrumbList\",\"@id\":\"https:\\\/\\\/www.lbi-oilfree.de\\\/schmierstoffe\\\/trockenschmierstoffe\\\/#breadcrumb\",\"itemListElement\":[{\"@type\":\"ListItem\",\"position\":1,\"name\":\"Home\",\"item\":\"https:\\\/\\\/www.lbi-oilfree.de\\\/\"},{\"@type\":\"ListItem\",\"position\":2,\"name\":\"SCHMIERSTOFFE\",\"item\":\"https:\\\/\\\/www.lbi-oilfree.de\\\/schmierstoffe\\\/\"},{\"@type\":\"ListItem\",\"position\":3,\"name\":\"TROCKENSCHMIERSTOFFE\"}]},{\"@type\":\"WebSite\",\"@id\":\"https:\\\/\\\/www.lbi-oilfree.de\\\/#website\",\"url\":\"https:\\\/\\\/www.lbi-oilfree.de\\\/\",\"name\":\"LBI\",\"description\":\"LBI oil free ist Hersteller \u00f6lfreier Schmierstoffe f\u00fcr die Metallumformung und Dosiersystemen\",\"publisher\":{\"@id\":\"https:\\\/\\\/www.lbi-oilfree.de\\\/#organization\"},\"potentialAction\":[{\"@type\":\"SearchAction\",\"target\":{\"@type\":\"EntryPoint\",\"urlTemplate\":\"https:\\\/\\\/www.lbi-oilfree.de\\\/?s={search_term_string}\"},\"query-input\":{\"@type\":\"PropertyValueSpecification\",\"valueRequired\":true,\"valueName\":\"search_term_string\"}}],\"inLanguage\":\"en-GB\"},{\"@type\":\"Organization\",\"@id\":\"https:\\\/\\\/www.lbi-oilfree.de\\\/#organization\",\"name\":\"LBI oil free GmbH\",\"url\":\"https:\\\/\\\/www.lbi-oilfree.de\\\/\",\"logo\":{\"@type\":\"ImageObject\",\"inLanguage\":\"en-GB\",\"@id\":\"https:\\\/\\\/www.lbi-oilfree.de\\\/#\\\/schema\\\/logo\\\/image\\\/\",\"url\":\"https:\\\/\\\/i0.wp.com\\\/www.lbi-oilfree.de\\\/wp-content\\\/uploads\\\/2022\\\/01\\\/logo_LBI_250.png?fit=250%2C250&ssl=1\",\"contentUrl\":\"https:\\\/\\\/i0.wp.com\\\/www.lbi-oilfree.de\\\/wp-content\\\/uploads\\\/2022\\\/01\\\/logo_LBI_250.png?fit=250%2C250&ssl=1\",\"width\":250,\"height\":250,\"caption\":\"LBI oil free GmbH\"},\"image\":{\"@id\":\"https:\\\/\\\/www.lbi-oilfree.de\\\/#\\\/schema\\\/logo\\\/image\\\/\"},\"sameAs\":[\"https:\\\/\\\/de.linkedin.com\\\/company\\\/lbi-oil-free-division-gmbh\"]}]}<\/script>\n<!-- \/ Yoast SEO plugin. -->","yoast_head_json":{"title":"Trockenschmierstoffe aus dem Labor von LBI oil free","description":"Die Trockenschmierstoffe von LBI oilfree k\u00fchlen Produkt und Werkszeug und minimieren extrem den Verschlei\u00df.","robots":{"index":"index","follow":"follow","max-snippet":"max-snippet:-1","max-image-preview":"max-image-preview:large","max-video-preview":"max-video-preview:-1"},"canonical":"https:\/\/www.lbi-oilfree.de\/en\/schmierstoffe\/trockenschmierstoffe\/","schema":{"@context":"https:\/\/schema.org","@graph":[{"@type":"WebPage","@id":"https:\/\/www.lbi-oilfree.de\/schmierstoffe\/trockenschmierstoffe\/","url":"https:\/\/www.lbi-oilfree.de\/schmierstoffe\/trockenschmierstoffe\/","name":"Trockenschmierstoffe aus dem Labor von LBI oil free","isPartOf":{"@id":"https:\/\/www.lbi-oilfree.de\/#website"},"primaryImageOfPage":{"@id":"https:\/\/www.lbi-oilfree.de\/schmierstoffe\/trockenschmierstoffe\/#primaryimage"},"image":{"@id":"https:\/\/www.lbi-oilfree.de\/schmierstoffe\/trockenschmierstoffe\/#primaryimage"},"thumbnailUrl":"https:\/\/www.lbi-oilfree.de\/wp-content\/uploads\/2022\/05\/LUBform-dry-LUBsol_bolt-877370-pixabay-640.jpeg","datePublished":"2022-04-27T11:10:16+00:00","dateModified":"2023-12-13T11:27:49+00:00","description":"Die Trockenschmierstoffe von LBI oilfree k\u00fchlen Produkt und Werkszeug und minimieren extrem den Verschlei\u00df.","breadcrumb":{"@id":"https:\/\/www.lbi-oilfree.de\/schmierstoffe\/trockenschmierstoffe\/#breadcrumb"},"inLanguage":"en-GB","potentialAction":[{"@type":"ReadAction","target":["https:\/\/www.lbi-oilfree.de\/schmierstoffe\/trockenschmierstoffe\/"]}]},{"@type":"ImageObject","inLanguage":"en-GB","@id":"https:\/\/www.lbi-oilfree.de\/schmierstoffe\/trockenschmierstoffe\/#primaryimage","url":"https:\/\/www.lbi-oilfree.de\/wp-content\/uploads\/2022\/05\/LUBform-dry-LUBsol_bolt-877370-pixabay-640.jpeg","contentUrl":"https:\/\/www.lbi-oilfree.de\/wp-content\/uploads\/2022\/05\/LUBform-dry-LUBsol_bolt-877370-pixabay-640.jpeg"},{"@type":"BreadcrumbList","@id":"https:\/\/www.lbi-oilfree.de\/schmierstoffe\/trockenschmierstoffe\/#breadcrumb","itemListElement":[{"@type":"ListItem","position":1,"name":"Home","item":"https:\/\/www.lbi-oilfree.de\/"},{"@type":"ListItem","position":2,"name":"SCHMIERSTOFFE","item":"https:\/\/www.lbi-oilfree.de\/schmierstoffe\/"},{"@type":"ListItem","position":3,"name":"TROCKENSCHMIERSTOFFE"}]},{"@type":"WebSite","@id":"https:\/\/www.lbi-oilfree.de\/#website","url":"https:\/\/www.lbi-oilfree.de\/","name":"LBI","description":"LBI oil free ist Hersteller \u00f6lfreier Schmierstoffe f\u00fcr die Metallumformung und Dosiersystemen","publisher":{"@id":"https:\/\/www.lbi-oilfree.de\/#organization"},"potentialAction":[{"@type":"SearchAction","target":{"@type":"EntryPoint","urlTemplate":"https:\/\/www.lbi-oilfree.de\/?s={search_term_string}"},"query-input":{"@type":"PropertyValueSpecification","valueRequired":true,"valueName":"search_term_string"}}],"inLanguage":"en-GB"},{"@type":"Organization","@id":"https:\/\/www.lbi-oilfree.de\/#organization","name":"LBI oil free GmbH","url":"https:\/\/www.lbi-oilfree.de\/","logo":{"@type":"ImageObject","inLanguage":"en-GB","@id":"https:\/\/www.lbi-oilfree.de\/#\/schema\/logo\/image\/","url":"https:\/\/i0.wp.com\/www.lbi-oilfree.de\/wp-content\/uploads\/2022\/01\/logo_LBI_250.png?fit=250%2C250&ssl=1","contentUrl":"https:\/\/i0.wp.com\/www.lbi-oilfree.de\/wp-content\/uploads\/2022\/01\/logo_LBI_250.png?fit=250%2C250&ssl=1","width":250,"height":250,"caption":"LBI oil free GmbH"},"image":{"@id":"https:\/\/www.lbi-oilfree.de\/#\/schema\/logo\/image\/"},"sameAs":["https:\/\/de.linkedin.com\/company\/lbi-oil-free-division-gmbh"]}]}},"_links":{"self":[{"href":"https:\/\/www.lbi-oilfree.de\/en\/wp-json\/wp\/v2\/pages\/4050","targetHints":{"allow":["GET"]}}],"collection":[{"href":"https:\/\/www.lbi-oilfree.de\/en\/wp-json\/wp\/v2\/pages"}],"about":[{"href":"https:\/\/www.lbi-oilfree.de\/en\/wp-json\/wp\/v2\/types\/page"}],"author":[{"embeddable":true,"href":"https:\/\/www.lbi-oilfree.de\/en\/wp-json\/wp\/v2\/users\/2"}],"replies":[{"embeddable":true,"href":"https:\/\/www.lbi-oilfree.de\/en\/wp-json\/wp\/v2\/comments?post=4050"}],"version-history":[{"count":27,"href":"https:\/\/www.lbi-oilfree.de\/en\/wp-json\/wp\/v2\/pages\/4050\/revisions"}],"predecessor-version":[{"id":5574,"href":"https:\/\/www.lbi-oilfree.de\/en\/wp-json\/wp\/v2\/pages\/4050\/revisions\/5574"}],"up":[{"embeddable":true,"href":"https:\/\/www.lbi-oilfree.de\/en\/wp-json\/wp\/v2\/pages\/4036"}],"wp:attachment":[{"href":"https:\/\/www.lbi-oilfree.de\/en\/wp-json\/wp\/v2\/media?parent=4050"}],"curies":[{"name":"wp","href":"https:\/\/api.w.org\/{rel}","templated":true}]}}